{"id":19043,"date":"2026-04-23T12:01:19","date_gmt":"2026-04-23T16:01:19","guid":{"rendered":"https:\/\/matis.ca\/boutique\/hydra-mood-night-ultra-plumping-night-sleeping-pack-mask\/"},"modified":"2026-04-23T12:01:25","modified_gmt":"2026-04-23T16:01:25","slug":"hydra-mood-night-night-moisturizing-gel","status":"publish","type":"product","link":"https:\/\/www.matis.ca\/en\/shop\/hydra-mood-night-night-moisturizing-gel\/","title":{"rendered":"Hydra-Mood Night &#8211; Night moisturizing gel"},"content":{"rendered":"<p>D\u00e8s le r\u00e9veil, le visage est repos\u00e9, les traits sont liss\u00e9s, comme ayant gagn\u00e9 des heures de sommeil.<\/p>\n<p>\t\t\t1\t\t<\/p>\n<h2>SLEEPING<br \/>\nPACK :<\/h2>\n<p>\t\t\t1\t\t<\/p>\n<h3>ACIDE HYALURONIQUE<\/h3>\n<p>Hydrate les couches surperficielles de l&#8217;\u00e9piderme et aide \u00e0 repulper les traits.<\/p>\n<p>\t\t\t2\t\t<\/p>\n<h3>CHRONONIGHT<\/h3>\n<p>Cet\u00a0 anti-\u00e2ge booste les d\u00e9fenses de la peau pour une r\u00e9cup\u00e9ration optimum.<\/p>\n<p>\t\t\t3\t\t<\/p>\n<h3>ALOE VERA<\/h3>\n<p>Compos\u00e9e \u00e0 99 % d\u2019eau, cette plante concentre dans son 1 % restant une puissante synergie de plus de 150 \u00e9l\u00e9ments dont les vitamines A, B1, B2, B3, B12, C, E, des oligo-\u00e9l\u00e9ments (calcium, sodium, magn\u00e9sium, zinc, potassium,\u2026) ainsi que des acides amin\u00e9s.<\/p>\n<h2>La peau, la nuit<\/h2>\n<p>Pourquoi insister sur un soin de nuit dans le programme de beaut\u00e9 que vous adoptez :<\/p>\n<ul>\n<li>Parce que le renouvellement cellulaire est 200 % plus actif la nuit, pouvant v\u00e9ritablement apporter jeunesse et \u00e9clat \u00e0 la peau.<\/li>\n<li>Parce que la circulation sanguine est plus intense la nuit que le jour, donc l\u2019approvisionnement en nutriments des cellules est optimis\u00e9.<\/li>\n<li>Parce que la peau est plus perm\u00e9able la nuit, plus r\u00e9ceptive aux produits appliqu\u00e9s.<\/li>\n<li>Parce que la perte en eau est minime d\u2019o\u00f9 la n\u00e9cessit\u00e9 de booster l\u2019hydratation de la peau<\/li>\n<\/ul>\n<p>\t\t\t\t\t\t\t\t\t\t\t\t<img loading=\"lazy\" decoding=\"async\" width=\"1024\" height=\"680\" src=\"https:\/\/www.matis.ca\/wp-content\/uploads\/2019\/04\/shutterstock_80365165-1024x680.jpg\" alt=\"\" loading=\"lazy\" srcset=\"https:\/\/www.matis.ca\/wp-content\/uploads\/2019\/04\/shutterstock_80365165-1024x680.jpg 1024w, https:\/\/www.matis.ca\/wp-content\/uploads\/2019\/04\/shutterstock_80365165-300x199.jpg 300w, https:\/\/www.matis.ca\/wp-content\/uploads\/2019\/04\/shutterstock_80365165-768x510.jpg 768w, https:\/\/www.matis.ca\/wp-content\/uploads\/2019\/04\/shutterstock_80365165-150x100.jpg 150w, https:\/\/www.matis.ca\/wp-content\/uploads\/2019\/04\/shutterstock_80365165-340x227.jpg 340w, https:\/\/www.matis.ca\/wp-content\/uploads\/2019\/04\/shutterstock_80365165-387x258.jpg 387w, https:\/\/www.matis.ca\/wp-content\/uploads\/2019\/04\/shutterstock_80365165-260x173.jpg 260w, https:\/\/www.matis.ca\/wp-content\/uploads\/2019\/04\/shutterstock_80365165-350x233.jpg 350w, https:\/\/www.matis.ca\/wp-content\/uploads\/2019\/04\/shutterstock_80365165-263x175.jpg 263w, https:\/\/www.matis.ca\/wp-content\/uploads\/2019\/04\/shutterstock_80365165-416x276.jpg 416w, https:\/\/www.matis.ca\/wp-content\/uploads\/2019\/04\/shutterstock_80365165.jpg 1920w\" sizes=\"auto, (max-width: 1024px) 100vw, 1024px\" \/><\/p>\n","protected":false},"excerpt":{"rendered":"<p>This turbo-charged moisturizing mask works in unison with the body&#8217;s circadian rhythm to hydrate in depth. Its ultra-replenishing night-time texture drenches skin in softness, leaving no residue on your pillow.<\/p>\n","protected":false},"featured_media":19045,"comment_status":"closed","ping_status":"open","template":"","meta":{"inline_featured_image":false},"product_brand":[],"product_cat":[234],"product_tag":[],"reponses":[316,371],"type-de-soin":[373,283],"preoccupation":[378,196],"class_list":{"0":"post-19043","1":"product","2":"type-product","3":"status-publish","4":"has-post-thumbnail","6":"product_cat-face","7":"reponses-reponse-preventive-en","8":"reponses-reponse_preventive","9":"type-de-soin-nuit","10":"type-de-soin-peeling-and-mask","11":"preoccupation-anti_age","12":"preoccupation-hydration","14":"first","15":"instock","16":"taxable","17":"shipping-taxable","18":"purchasable","19":"product-type-simple"},"yoast_head":"<!-- This site is optimized with the Yoast SEO plugin v26.3 - https:\/\/yoast.com\/wordpress\/plugins\/seo\/ -->\n<title>Hydra-Mood Night - Night moisturizing gel - Matis<\/title>\n<meta name=\"robots\" content=\"index, follow, max-snippet:-1, max-image-preview:large, max-video-preview:-1\" \/>\n<meta property=\"og:locale\" content=\"en_US\" \/>\n<meta property=\"og:type\" content=\"article\" \/>\n<meta property=\"og:title\" content=\"Hydra-Mood Night - Night moisturizing gel - Matis\" \/>\n<meta property=\"og:description\" content=\"This turbo-charged moisturizing mask works in unison with the body&#039;s circadian rhythm to hydrate in depth. Its ultra-replenishing night-time texture drenches skin in softness, leaving no residue on your pillow.\" \/>\n<meta property=\"og:url\" content=\"https:\/\/www.matis.ca\/en\/shop\/hydra-mood-night-night-moisturizing-gel\/\" \/>\n<meta property=\"og:site_name\" content=\"Matis\" \/>\n<meta property=\"article:modified_time\" content=\"2026-04-23T16:01:25+00:00\" \/>\n<meta property=\"og:image\" content=\"https:\/\/www.matis.ca\/wp-content\/uploads\/2020\/04\/A0510011-HYDRAMOOD-NIGHT.png\" \/>\n\t<meta property=\"og:image:width\" content=\"1000\" \/>\n\t<meta property=\"og:image:height\" content=\"1000\" \/>\n\t<meta property=\"og:image:type\" content=\"image\/png\" \/>\n<meta name=\"twitter:card\" content=\"summary_large_image\" \/>\n<meta name=\"twitter:label1\" content=\"Est. reading time\" \/>\n\t<meta name=\"twitter:data1\" content=\"1 minute\" \/>\n<script type=\"application\/ld+json\" class=\"yoast-schema-graph\">{\"@context\":\"https:\/\/schema.org\",\"@graph\":[{\"@type\":\"WebPage\",\"@id\":\"https:\/\/www.matis.ca\/en\/shop\/hydra-mood-night-night-moisturizing-gel\/\",\"url\":\"https:\/\/www.matis.ca\/en\/shop\/hydra-mood-night-night-moisturizing-gel\/\",\"name\":\"Hydra-Mood Night - Night moisturizing gel - Matis\",\"isPartOf\":{\"@id\":\"https:\/\/www.matis.ca\/en\/#website\"},\"primaryImageOfPage\":{\"@id\":\"https:\/\/www.matis.ca\/en\/shop\/hydra-mood-night-night-moisturizing-gel\/#primaryimage\"},\"image\":{\"@id\":\"https:\/\/www.matis.ca\/en\/shop\/hydra-mood-night-night-moisturizing-gel\/#primaryimage\"},\"thumbnailUrl\":\"https:\/\/www.matis.ca\/wp-content\/uploads\/2020\/04\/A0510011-HYDRAMOOD-NIGHT.png\",\"datePublished\":\"2026-04-23T16:01:19+00:00\",\"dateModified\":\"2026-04-23T16:01:25+00:00\",\"breadcrumb\":{\"@id\":\"https:\/\/www.matis.ca\/en\/shop\/hydra-mood-night-night-moisturizing-gel\/#breadcrumb\"},\"inLanguage\":\"en-CA\",\"potentialAction\":[{\"@type\":\"ReadAction\",\"target\":[\"https:\/\/www.matis.ca\/en\/shop\/hydra-mood-night-night-moisturizing-gel\/\"]}]},{\"@type\":\"ImageObject\",\"inLanguage\":\"en-CA\",\"@id\":\"https:\/\/www.matis.ca\/en\/shop\/hydra-mood-night-night-moisturizing-gel\/#primaryimage\",\"url\":\"https:\/\/www.matis.ca\/wp-content\/uploads\/2020\/04\/A0510011-HYDRAMOOD-NIGHT.png\",\"contentUrl\":\"https:\/\/www.matis.ca\/wp-content\/uploads\/2020\/04\/A0510011-HYDRAMOOD-NIGHT.png\",\"width\":1000,\"height\":1000},{\"@type\":\"BreadcrumbList\",\"@id\":\"https:\/\/www.matis.ca\/en\/shop\/hydra-mood-night-night-moisturizing-gel\/#breadcrumb\",\"itemListElement\":[{\"@type\":\"ListItem\",\"position\":1,\"name\":\"Accueil\",\"item\":\"https:\/\/www.matis.ca\/en\/\"},{\"@type\":\"ListItem\",\"position\":2,\"name\":\"Products\",\"item\":\"https:\/\/www.matis.ca\/en\/shop\/\"},{\"@type\":\"ListItem\",\"position\":3,\"name\":\"Hydra-Mood Night &#8211; Night moisturizing gel\"}]},{\"@type\":\"WebSite\",\"@id\":\"https:\/\/www.matis.ca\/en\/#website\",\"url\":\"https:\/\/www.matis.ca\/en\/\",\"name\":\"Matis\",\"description\":\"Une marque professionnelle pour des soins et produits d\u2019expertise\",\"potentialAction\":[{\"@type\":\"SearchAction\",\"target\":{\"@type\":\"EntryPoint\",\"urlTemplate\":\"https:\/\/www.matis.ca\/en\/?s={search_term_string}\"},\"query-input\":{\"@type\":\"PropertyValueSpecification\",\"valueRequired\":true,\"valueName\":\"search_term_string\"}}],\"inLanguage\":\"en-CA\"}]}<\/script>\n<!-- \/ Yoast SEO plugin. -->","yoast_head_json":{"title":"Hydra-Mood Night - Night moisturizing gel - Matis","robots":{"index":"index","follow":"follow","max-snippet":"max-snippet:-1","max-image-preview":"max-image-preview:large","max-video-preview":"max-video-preview:-1"},"og_locale":"en_US","og_type":"article","og_title":"Hydra-Mood Night - Night moisturizing gel - Matis","og_description":"This turbo-charged moisturizing mask works in unison with the body's circadian rhythm to hydrate in depth. Its ultra-replenishing night-time texture drenches skin in softness, leaving no residue on your pillow.","og_url":"https:\/\/www.matis.ca\/en\/shop\/hydra-mood-night-night-moisturizing-gel\/","og_site_name":"Matis","article_modified_time":"2026-04-23T16:01:25+00:00","og_image":[{"width":1000,"height":1000,"url":"https:\/\/www.matis.ca\/wp-content\/uploads\/2020\/04\/A0510011-HYDRAMOOD-NIGHT.png","type":"image\/png"}],"twitter_card":"summary_large_image","twitter_misc":{"Est. reading time":"1 minute"},"schema":{"@context":"https:\/\/schema.org","@graph":[{"@type":"WebPage","@id":"https:\/\/www.matis.ca\/en\/shop\/hydra-mood-night-night-moisturizing-gel\/","url":"https:\/\/www.matis.ca\/en\/shop\/hydra-mood-night-night-moisturizing-gel\/","name":"Hydra-Mood Night - Night moisturizing gel - Matis","isPartOf":{"@id":"https:\/\/www.matis.ca\/en\/#website"},"primaryImageOfPage":{"@id":"https:\/\/www.matis.ca\/en\/shop\/hydra-mood-night-night-moisturizing-gel\/#primaryimage"},"image":{"@id":"https:\/\/www.matis.ca\/en\/shop\/hydra-mood-night-night-moisturizing-gel\/#primaryimage"},"thumbnailUrl":"https:\/\/www.matis.ca\/wp-content\/uploads\/2020\/04\/A0510011-HYDRAMOOD-NIGHT.png","datePublished":"2026-04-23T16:01:19+00:00","dateModified":"2026-04-23T16:01:25+00:00","breadcrumb":{"@id":"https:\/\/www.matis.ca\/en\/shop\/hydra-mood-night-night-moisturizing-gel\/#breadcrumb"},"inLanguage":"en-CA","potentialAction":[{"@type":"ReadAction","target":["https:\/\/www.matis.ca\/en\/shop\/hydra-mood-night-night-moisturizing-gel\/"]}]},{"@type":"ImageObject","inLanguage":"en-CA","@id":"https:\/\/www.matis.ca\/en\/shop\/hydra-mood-night-night-moisturizing-gel\/#primaryimage","url":"https:\/\/www.matis.ca\/wp-content\/uploads\/2020\/04\/A0510011-HYDRAMOOD-NIGHT.png","contentUrl":"https:\/\/www.matis.ca\/wp-content\/uploads\/2020\/04\/A0510011-HYDRAMOOD-NIGHT.png","width":1000,"height":1000},{"@type":"BreadcrumbList","@id":"https:\/\/www.matis.ca\/en\/shop\/hydra-mood-night-night-moisturizing-gel\/#breadcrumb","itemListElement":[{"@type":"ListItem","position":1,"name":"Accueil","item":"https:\/\/www.matis.ca\/en\/"},{"@type":"ListItem","position":2,"name":"Products","item":"https:\/\/www.matis.ca\/en\/shop\/"},{"@type":"ListItem","position":3,"name":"Hydra-Mood Night &#8211; Night moisturizing gel"}]},{"@type":"WebSite","@id":"https:\/\/www.matis.ca\/en\/#website","url":"https:\/\/www.matis.ca\/en\/","name":"Matis","description":"Une marque professionnelle pour des soins et produits d\u2019expertise","potentialAction":[{"@type":"SearchAction","target":{"@type":"EntryPoint","urlTemplate":"https:\/\/www.matis.ca\/en\/?s={search_term_string}"},"query-input":{"@type":"PropertyValueSpecification","valueRequired":true,"valueName":"search_term_string"}}],"inLanguage":"en-CA"}]}},"_links":{"self":[{"href":"https:\/\/www.matis.ca\/en\/wp-json\/wp\/v2\/product\/19043","targetHints":{"allow":["GET"]}}],"collection":[{"href":"https:\/\/www.matis.ca\/en\/wp-json\/wp\/v2\/product"}],"about":[{"href":"https:\/\/www.matis.ca\/en\/wp-json\/wp\/v2\/types\/product"}],"replies":[{"embeddable":true,"href":"https:\/\/www.matis.ca\/en\/wp-json\/wp\/v2\/comments?post=19043"}],"version-history":[{"count":3,"href":"https:\/\/www.matis.ca\/en\/wp-json\/wp\/v2\/product\/19043\/revisions"}],"predecessor-version":[{"id":30795,"href":"https:\/\/www.matis.ca\/en\/wp-json\/wp\/v2\/product\/19043\/revisions\/30795"}],"wp:featuredmedia":[{"embeddable":true,"href":"https:\/\/www.matis.ca\/en\/wp-json\/wp\/v2\/media\/19045"}],"wp:attachment":[{"href":"https:\/\/www.matis.ca\/en\/wp-json\/wp\/v2\/media?parent=19043"}],"wp:term":[{"taxonomy":"product_brand","embeddable":true,"href":"https:\/\/www.matis.ca\/en\/wp-json\/wp\/v2\/product_brand?post=19043"},{"taxonomy":"product_cat","embeddable":true,"href":"https:\/\/www.matis.ca\/en\/wp-json\/wp\/v2\/product_cat?post=19043"},{"taxonomy":"product_tag","embeddable":true,"href":"https:\/\/www.matis.ca\/en\/wp-json\/wp\/v2\/product_tag?post=19043"},{"taxonomy":"reponses","embeddable":true,"href":"https:\/\/www.matis.ca\/en\/wp-json\/wp\/v2\/reponses?post=19043"},{"taxonomy":"type-de-soin","embeddable":true,"href":"https:\/\/www.matis.ca\/en\/wp-json\/wp\/v2\/type-de-soin?post=19043"},{"taxonomy":"preoccupation","embeddable":true,"href":"https:\/\/www.matis.ca\/en\/wp-json\/wp\/v2\/preoccupation?post=19043"}],"curies":[{"name":"wp","href":"https:\/\/api.w.org\/{rel}","templated":true}]}}