{"id":20708,"date":"2026-04-25T12:00:21","date_gmt":"2026-04-25T16:00:21","guid":{"rendered":"https:\/\/matis.ca\/boutique\/pure-age-wrinkles-correcting-care-perfect-clear-skin\/"},"modified":"2026-04-25T12:00:26","modified_gmt":"2026-04-25T16:00:26","slug":"pure-age-anti-aging-cream-for-oily-skin","status":"publish","type":"product","link":"https:\/\/www.matis.ca\/en\/shop\/pure-age-anti-aging-cream-for-oily-skin\/","title":{"rendered":"Pure-Age &#8211; Anti-aging cream for oily skin"},"content":{"rendered":"<p>La routine beaut\u00e9 des peaux matures sujettes aux imperfections simplifi\u00e9e.<\/p>\n<p>\t\t\t3\t\t<\/p>\n<h2>INGR\u00c9DIENTS<br \/>\nPERFECTEURS :<br \/>\n<\/h2>\n<p>\t\t\t1\t\t<\/p>\n<h3>ACIDE HYALURONIQUE<\/h3>\n<p>Hydrate les couches superficielles de la peau et aide \u00e0 repulper les traits.<\/p>\n<p>\t\t\t2\t\t<\/p>\n<h3>AHA DOUX<\/h3>\n<p>Acide malique greff\u00e9 \u00e0 des prot\u00e9ines d\u2019avoines qui procure une exfoliation efficace et douce sur les couches superficielles de l\u2019\u00e9piderme.<\/p>\n<p>\t\t\t3\t\t<\/p>\n<h3>MATISYSTEM<\/h3>\n<p>Aide \u00e0 \u00e9liminer l\u2019exc\u00e8s d\u2019huile naturelle de la peau.<\/p>\n<h2>R\u00e9sultats visibles<\/h2>\n<ul>\n<li style=\"text-align: left;\">Les rides sont liss\u00e9es : 86 %<\/li>\n<li style=\"text-align: left;\">Les pores sont resserr\u00e9s : 90 %<\/li>\n<li style=\"text-align: left;\">La peau est visiblement plus saine : 95 %<\/li>\n<\/ul>\n<p>\t\t\t\t\t\t\t\t\t\t\t\t<img loading=\"lazy\" decoding=\"async\" width=\"375\" height=\"250\" src=\"https:\/\/www.matis.ca\/wp-content\/uploads\/2019\/10\/FILLE-COU.jpg\" alt=\"\" loading=\"lazy\" srcset=\"https:\/\/www.matis.ca\/wp-content\/uploads\/2019\/10\/FILLE-COU.jpg 375w, https:\/\/www.matis.ca\/wp-content\/uploads\/2019\/10\/FILLE-COU-300x200.jpg 300w, https:\/\/www.matis.ca\/wp-content\/uploads\/2019\/10\/FILLE-COU-150x100.jpg 150w, https:\/\/www.matis.ca\/wp-content\/uploads\/2019\/10\/FILLE-COU-340x227.jpg 340w, https:\/\/www.matis.ca\/wp-content\/uploads\/2019\/10\/FILLE-COU-260x173.jpg 260w, https:\/\/www.matis.ca\/wp-content\/uploads\/2019\/10\/FILLE-COU-350x233.jpg 350w, https:\/\/www.matis.ca\/wp-content\/uploads\/2019\/10\/FILLE-COU-263x175.jpg 263w\" sizes=\"auto, (max-width: 375px) 100vw, 375px\" \/>\t\t\t\t\t\t\t\t\t\t\t\t\t\t<\/p>\n<p style=\"text-align: left;\"><em>R\u00e9sultats d\u2019auto-\u00e9valuation exprim\u00e9s en % de satisfaction aupr\u00e8s de 20 femmes apr\u00e8s deux applications par jour pendant 8 jours.<\/em><\/p>\n","protected":false},"excerpt":{"rendered":"<p>This cream is designed for blemish-prone skin. Its light, melting soft texture deliciously quenches while providing balance, well-being and dullness to the skin. Its formula combines MatiSystem technology with three different acids for clean, clear, blemish-free skin. Hyaluronic acid and matrikins provide a feeling of comfort. The skin is left mat and plumped, as well as visibly healthier and younger-looking. <\/p>\n<p>Dermatologically tested.<\/p>\n","protected":false},"featured_media":20710,"comment_status":"closed","ping_status":"open","template":"","meta":{"inline_featured_image":false},"product_brand":[],"product_cat":[234],"product_tag":[],"reponses":[287,384],"type-de-soin":[277,372,278,373],"preoccupation":[378,184,276,196,369,375,188],"class_list":{"0":"post-20708","1":"product","2":"type-product","3":"status-publish","4":"has-post-thumbnail","6":"product_cat-face","7":"reponses-reponse-purete-en","8":"reponses-reponse_purete","9":"type-de-soin-day-care","10":"type-de-soin-jour","11":"type-de-soin-night-care","12":"type-de-soin-nuit","13":"preoccupation-anti_age","14":"preoccupation-anti-aging-and-fine-lines","15":"preoccupation-blemish-and-evenness","16":"preoccupation-hydration","17":"preoccupation-imperfection","18":"preoccupation-pores","19":"preoccupation-shine-and-pores","21":"first","22":"instock","23":"taxable","24":"shipping-taxable","25":"purchasable","26":"product-type-simple"},"yoast_head":"<!-- This site is optimized with the Yoast SEO plugin v26.3 - https:\/\/yoast.com\/wordpress\/plugins\/seo\/ -->\n<title>Pure-Age - Anti-aging cream for oily skin - Matis<\/title>\n<meta name=\"robots\" content=\"index, follow, max-snippet:-1, max-image-preview:large, max-video-preview:-1\" \/>\n<meta property=\"og:locale\" content=\"en_US\" \/>\n<meta property=\"og:type\" content=\"article\" \/>\n<meta property=\"og:title\" content=\"Pure-Age - Anti-aging cream for oily skin - Matis\" \/>\n<meta property=\"og:description\" content=\"This cream is designed for blemish-prone skin. Its light, melting soft texture deliciously quenches while providing balance, well-being and dullness to the skin. Its formula combines MatiSystem technology with three different acids for clean, clear, blemish-free skin. Hyaluronic acid and matrikins provide a feeling of comfort. The skin is left mat and plumped, as well as visibly healthier and younger-looking. Dermatologically tested.\" \/>\n<meta property=\"og:url\" content=\"https:\/\/www.matis.ca\/en\/shop\/pure-age-anti-aging-cream-for-oily-skin\/\" \/>\n<meta property=\"og:site_name\" content=\"Matis\" \/>\n<meta property=\"article:modified_time\" content=\"2026-04-25T16:00:26+00:00\" \/>\n<meta property=\"og:image\" content=\"https:\/\/www.matis.ca\/wp-content\/uploads\/2020\/06\/A0610011.png\" \/>\n\t<meta property=\"og:image:width\" content=\"1000\" \/>\n\t<meta property=\"og:image:height\" content=\"1000\" \/>\n\t<meta property=\"og:image:type\" content=\"image\/png\" \/>\n<meta name=\"twitter:card\" content=\"summary_large_image\" \/>\n<meta name=\"twitter:label1\" content=\"Est. reading time\" \/>\n\t<meta name=\"twitter:data1\" content=\"1 minute\" \/>\n<script type=\"application\/ld+json\" class=\"yoast-schema-graph\">{\"@context\":\"https:\/\/schema.org\",\"@graph\":[{\"@type\":\"WebPage\",\"@id\":\"https:\/\/www.matis.ca\/en\/shop\/pure-age-anti-aging-cream-for-oily-skin\/\",\"url\":\"https:\/\/www.matis.ca\/en\/shop\/pure-age-anti-aging-cream-for-oily-skin\/\",\"name\":\"Pure-Age - Anti-aging cream for oily skin - Matis\",\"isPartOf\":{\"@id\":\"https:\/\/www.matis.ca\/en\/#website\"},\"primaryImageOfPage\":{\"@id\":\"https:\/\/www.matis.ca\/en\/shop\/pure-age-anti-aging-cream-for-oily-skin\/#primaryimage\"},\"image\":{\"@id\":\"https:\/\/www.matis.ca\/en\/shop\/pure-age-anti-aging-cream-for-oily-skin\/#primaryimage\"},\"thumbnailUrl\":\"https:\/\/www.matis.ca\/wp-content\/uploads\/2020\/06\/A0610011.png\",\"datePublished\":\"2026-04-25T16:00:21+00:00\",\"dateModified\":\"2026-04-25T16:00:26+00:00\",\"breadcrumb\":{\"@id\":\"https:\/\/www.matis.ca\/en\/shop\/pure-age-anti-aging-cream-for-oily-skin\/#breadcrumb\"},\"inLanguage\":\"en-CA\",\"potentialAction\":[{\"@type\":\"ReadAction\",\"target\":[\"https:\/\/www.matis.ca\/en\/shop\/pure-age-anti-aging-cream-for-oily-skin\/\"]}]},{\"@type\":\"ImageObject\",\"inLanguage\":\"en-CA\",\"@id\":\"https:\/\/www.matis.ca\/en\/shop\/pure-age-anti-aging-cream-for-oily-skin\/#primaryimage\",\"url\":\"https:\/\/www.matis.ca\/wp-content\/uploads\/2020\/06\/A0610011.png\",\"contentUrl\":\"https:\/\/www.matis.ca\/wp-content\/uploads\/2020\/06\/A0610011.png\",\"width\":1000,\"height\":1000,\"caption\":\"Wrinkle face cream for oily skin\"},{\"@type\":\"BreadcrumbList\",\"@id\":\"https:\/\/www.matis.ca\/en\/shop\/pure-age-anti-aging-cream-for-oily-skin\/#breadcrumb\",\"itemListElement\":[{\"@type\":\"ListItem\",\"position\":1,\"name\":\"Accueil\",\"item\":\"https:\/\/www.matis.ca\/en\/\"},{\"@type\":\"ListItem\",\"position\":2,\"name\":\"Products\",\"item\":\"https:\/\/www.matis.ca\/en\/shop\/\"},{\"@type\":\"ListItem\",\"position\":3,\"name\":\"Pure-Age &#8211; Anti-aging cream for oily skin\"}]},{\"@type\":\"WebSite\",\"@id\":\"https:\/\/www.matis.ca\/en\/#website\",\"url\":\"https:\/\/www.matis.ca\/en\/\",\"name\":\"Matis\",\"description\":\"Une marque professionnelle pour des soins et produits d\u2019expertise\",\"potentialAction\":[{\"@type\":\"SearchAction\",\"target\":{\"@type\":\"EntryPoint\",\"urlTemplate\":\"https:\/\/www.matis.ca\/en\/?s={search_term_string}\"},\"query-input\":{\"@type\":\"PropertyValueSpecification\",\"valueRequired\":true,\"valueName\":\"search_term_string\"}}],\"inLanguage\":\"en-CA\"}]}<\/script>\n<!-- \/ Yoast SEO plugin. -->","yoast_head_json":{"title":"Pure-Age - Anti-aging cream for oily skin - Matis","robots":{"index":"index","follow":"follow","max-snippet":"max-snippet:-1","max-image-preview":"max-image-preview:large","max-video-preview":"max-video-preview:-1"},"og_locale":"en_US","og_type":"article","og_title":"Pure-Age - Anti-aging cream for oily skin - Matis","og_description":"This cream is designed for blemish-prone skin. Its light, melting soft texture deliciously quenches while providing balance, well-being and dullness to the skin. Its formula combines MatiSystem technology with three different acids for clean, clear, blemish-free skin. Hyaluronic acid and matrikins provide a feeling of comfort. The skin is left mat and plumped, as well as visibly healthier and younger-looking. Dermatologically tested.","og_url":"https:\/\/www.matis.ca\/en\/shop\/pure-age-anti-aging-cream-for-oily-skin\/","og_site_name":"Matis","article_modified_time":"2026-04-25T16:00:26+00:00","og_image":[{"width":1000,"height":1000,"url":"https:\/\/www.matis.ca\/wp-content\/uploads\/2020\/06\/A0610011.png","type":"image\/png"}],"twitter_card":"summary_large_image","twitter_misc":{"Est. reading time":"1 minute"},"schema":{"@context":"https:\/\/schema.org","@graph":[{"@type":"WebPage","@id":"https:\/\/www.matis.ca\/en\/shop\/pure-age-anti-aging-cream-for-oily-skin\/","url":"https:\/\/www.matis.ca\/en\/shop\/pure-age-anti-aging-cream-for-oily-skin\/","name":"Pure-Age - Anti-aging cream for oily skin - Matis","isPartOf":{"@id":"https:\/\/www.matis.ca\/en\/#website"},"primaryImageOfPage":{"@id":"https:\/\/www.matis.ca\/en\/shop\/pure-age-anti-aging-cream-for-oily-skin\/#primaryimage"},"image":{"@id":"https:\/\/www.matis.ca\/en\/shop\/pure-age-anti-aging-cream-for-oily-skin\/#primaryimage"},"thumbnailUrl":"https:\/\/www.matis.ca\/wp-content\/uploads\/2020\/06\/A0610011.png","datePublished":"2026-04-25T16:00:21+00:00","dateModified":"2026-04-25T16:00:26+00:00","breadcrumb":{"@id":"https:\/\/www.matis.ca\/en\/shop\/pure-age-anti-aging-cream-for-oily-skin\/#breadcrumb"},"inLanguage":"en-CA","potentialAction":[{"@type":"ReadAction","target":["https:\/\/www.matis.ca\/en\/shop\/pure-age-anti-aging-cream-for-oily-skin\/"]}]},{"@type":"ImageObject","inLanguage":"en-CA","@id":"https:\/\/www.matis.ca\/en\/shop\/pure-age-anti-aging-cream-for-oily-skin\/#primaryimage","url":"https:\/\/www.matis.ca\/wp-content\/uploads\/2020\/06\/A0610011.png","contentUrl":"https:\/\/www.matis.ca\/wp-content\/uploads\/2020\/06\/A0610011.png","width":1000,"height":1000,"caption":"Wrinkle face cream for oily skin"},{"@type":"BreadcrumbList","@id":"https:\/\/www.matis.ca\/en\/shop\/pure-age-anti-aging-cream-for-oily-skin\/#breadcrumb","itemListElement":[{"@type":"ListItem","position":1,"name":"Accueil","item":"https:\/\/www.matis.ca\/en\/"},{"@type":"ListItem","position":2,"name":"Products","item":"https:\/\/www.matis.ca\/en\/shop\/"},{"@type":"ListItem","position":3,"name":"Pure-Age &#8211; Anti-aging cream for oily skin"}]},{"@type":"WebSite","@id":"https:\/\/www.matis.ca\/en\/#website","url":"https:\/\/www.matis.ca\/en\/","name":"Matis","description":"Une marque professionnelle pour des soins et produits d\u2019expertise","potentialAction":[{"@type":"SearchAction","target":{"@type":"EntryPoint","urlTemplate":"https:\/\/www.matis.ca\/en\/?s={search_term_string}"},"query-input":{"@type":"PropertyValueSpecification","valueRequired":true,"valueName":"search_term_string"}}],"inLanguage":"en-CA"}]}},"_links":{"self":[{"href":"https:\/\/www.matis.ca\/en\/wp-json\/wp\/v2\/product\/20708","targetHints":{"allow":["GET"]}}],"collection":[{"href":"https:\/\/www.matis.ca\/en\/wp-json\/wp\/v2\/product"}],"about":[{"href":"https:\/\/www.matis.ca\/en\/wp-json\/wp\/v2\/types\/product"}],"replies":[{"embeddable":true,"href":"https:\/\/www.matis.ca\/en\/wp-json\/wp\/v2\/comments?post=20708"}],"version-history":[{"count":4,"href":"https:\/\/www.matis.ca\/en\/wp-json\/wp\/v2\/product\/20708\/revisions"}],"predecessor-version":[{"id":30802,"href":"https:\/\/www.matis.ca\/en\/wp-json\/wp\/v2\/product\/20708\/revisions\/30802"}],"wp:featuredmedia":[{"embeddable":true,"href":"https:\/\/www.matis.ca\/en\/wp-json\/wp\/v2\/media\/20710"}],"wp:attachment":[{"href":"https:\/\/www.matis.ca\/en\/wp-json\/wp\/v2\/media?parent=20708"}],"wp:term":[{"taxonomy":"product_brand","embeddable":true,"href":"https:\/\/www.matis.ca\/en\/wp-json\/wp\/v2\/product_brand?post=20708"},{"taxonomy":"product_cat","embeddable":true,"href":"https:\/\/www.matis.ca\/en\/wp-json\/wp\/v2\/product_cat?post=20708"},{"taxonomy":"product_tag","embeddable":true,"href":"https:\/\/www.matis.ca\/en\/wp-json\/wp\/v2\/product_tag?post=20708"},{"taxonomy":"reponses","embeddable":true,"href":"https:\/\/www.matis.ca\/en\/wp-json\/wp\/v2\/reponses?post=20708"},{"taxonomy":"type-de-soin","embeddable":true,"href":"https:\/\/www.matis.ca\/en\/wp-json\/wp\/v2\/type-de-soin?post=20708"},{"taxonomy":"preoccupation","embeddable":true,"href":"https:\/\/www.matis.ca\/en\/wp-json\/wp\/v2\/preoccupation?post=20708"}],"curies":[{"name":"wp","href":"https:\/\/api.w.org\/{rel}","templated":true}]}}