{"id":20786,"date":"2026-04-29T12:01:14","date_gmt":"2026-04-29T16:01:14","guid":{"rendered":"https:\/\/matis.ca\/boutique\/this-no-rinse-ultra-gentle-make-up-remover-eliminates-make-up-while-respecting-the-skin-the-sweetness-of-this-milk-brings-immediate-feeling-of-comfort-and-well-being-intended-for-women-of-all-ages\/"},"modified":"2026-04-29T12:01:20","modified_gmt":"2026-04-29T16:01:20","slug":"sensi-milk-cleansing-milk","status":"publish","type":"product","link":"https:\/\/www.matis.ca\/en\/shop\/sensi-milk-cleansing-milk\/","title":{"rendered":"Sensi-Milk &#8211; Cleansing milk"},"content":{"rendered":"<p>Un geste nettoyant multifonction qui offre la possibilit\u00e9 d&#8217;\u00eatre utilis\u00e9 comme un lait d\u00e9maquillant ou comme une lotion.<\/p>\n<p>\t\t\t3\t\t<\/p>\n<h2>INGR\u00c9DIENTS<br \/>\nV\u00c9G\u00c9TAUX :<br \/>\n<\/h2>\n<p>\t\t\t1\t\t<\/p>\n<h3>FLEUR DE SAFRAN<\/h3>\n<p>Des propri\u00e9t\u00e9s cosm\u00e9tiques inou\u00efes ont d\u00e9montr\u00e9es qu&#8217;elle aide \u00e0 renforcer la barri\u00e8re cutan\u00e9e et qu&#8217;elle diminue la sensation d&#8217;inconfort.<\/p>\n<p>\t\t\t2\t\t<\/p>\n<h3>EAU FLORALE DE TILLEUL<\/h3>\n<p style=\"margin-top: 0cm; text-align: center; background: white;\" align=\"center\">Ses vertus aident les peaux fragiles et diminuent les sensations de tiraillements.<\/p>\n<p>\t\t\t3\t\t<\/p>\n<h3>CIRE ESSENTIELLE DE FLEUR D&#8217;ORANGER<\/h3>\n<p>La fleur anti-stress aux propri\u00e9t\u00e9s rafra\u00eechissantes et adoucissantes pour la peau.<\/p>\n<h2>R\u00e9sultats visibles<\/h2>\n<ul>\n<li style=\"text-align: left;\">Une sensation de confort et de bien-\u00eatre imm\u00e9diate\u00a0: 95 %<\/li>\n<li style=\"text-align: left;\">La peau est parfaitement d\u00e9maquill\u00e9e\u00a0: 100 %<\/li>\n<\/ul>\n<p>\t\t\t\t\t\t\t\t\t\t\t\t<img loading=\"lazy\" decoding=\"async\" width=\"340\" height=\"250\" src=\"https:\/\/www.matis.ca\/wp-content\/uploads\/2019\/09\/fleur_safran.jpg\" alt=\"\" loading=\"lazy\" srcset=\"https:\/\/www.matis.ca\/wp-content\/uploads\/2019\/09\/fleur_safran.jpg 340w, https:\/\/www.matis.ca\/wp-content\/uploads\/2019\/09\/fleur_safran-300x221.jpg 300w, https:\/\/www.matis.ca\/wp-content\/uploads\/2019\/09\/fleur_safran-150x110.jpg 150w\" sizes=\"auto, (max-width: 340px) 100vw, 340px\" \/>\t\t\t\t\t\t\t\t\t\t\t\t\t\t<\/p>\n<p><em>Test d\u2019usage pendant 4 semaines sur femmes de 28 \u00e0 60 ans.<\/em><\/p>\n","protected":false},"excerpt":{"rendered":"<p>This no-rinse ultra-gentle make-up remover, eliminates make-up while respecting the skin. The sweetness of this milk brings immediate feeling of comfort and well being.<\/p>\n<p>Intended for women of all ages with sensitive skin.&nbsp;<\/p>\n","protected":false},"featured_media":20788,"comment_status":"closed","ping_status":"open","template":"","meta":{"inline_featured_image":false},"product_brand":[],"product_cat":[234],"product_tag":[],"reponses":[256,390],"type-de-soin":[280,374],"preoccupation":[196,282],"class_list":{"0":"post-20786","1":"product","2":"type-product","3":"status-publish","4":"has-post-thumbnail","6":"product_cat-face","7":"reponses-reponse-delicate-en","8":"reponses-reponse_delicate","9":"type-de-soin-cleanser-and-lotion","10":"type-de-soin-demaquillant_lotion","11":"preoccupation-hydration","12":"preoccupation-sensitivity","14":"first","15":"instock","16":"taxable","17":"shipping-taxable","18":"purchasable","19":"product-type-simple"},"yoast_head":"<!-- This site is optimized with the Yoast SEO plugin v26.3 - https:\/\/yoast.com\/wordpress\/plugins\/seo\/ -->\n<title>Sensi-Milk - Cleansing milk - Matis<\/title>\n<meta name=\"robots\" content=\"index, follow, max-snippet:-1, max-image-preview:large, max-video-preview:-1\" \/>\n<meta property=\"og:locale\" content=\"en_US\" \/>\n<meta property=\"og:type\" content=\"article\" \/>\n<meta property=\"og:title\" content=\"Sensi-Milk - Cleansing milk - Matis\" \/>\n<meta property=\"og:description\" content=\"This no-rinse ultra-gentle make-up remover, eliminates make-up while respecting the skin. The sweetness of this milk brings immediate feeling of comfort and well being.Intended for women of all ages with sensitive skin.&nbsp;\" \/>\n<meta property=\"og:url\" content=\"https:\/\/www.matis.ca\/en\/shop\/sensi-milk-cleansing-milk\/\" \/>\n<meta property=\"og:site_name\" content=\"Matis\" \/>\n<meta property=\"article:modified_time\" content=\"2026-04-29T16:01:20+00:00\" \/>\n<meta property=\"og:image\" content=\"https:\/\/www.matis.ca\/wp-content\/uploads\/2020\/07\/A0810041.png\" \/>\n\t<meta property=\"og:image:width\" content=\"1000\" \/>\n\t<meta property=\"og:image:height\" content=\"1000\" \/>\n\t<meta property=\"og:image:type\" content=\"image\/png\" \/>\n<meta name=\"twitter:card\" content=\"summary_large_image\" \/>\n<meta name=\"twitter:label1\" content=\"Est. reading time\" \/>\n\t<meta name=\"twitter:data1\" content=\"1 minute\" \/>\n<script type=\"application\/ld+json\" class=\"yoast-schema-graph\">{\"@context\":\"https:\/\/schema.org\",\"@graph\":[{\"@type\":\"WebPage\",\"@id\":\"https:\/\/www.matis.ca\/en\/shop\/sensi-milk-cleansing-milk\/\",\"url\":\"https:\/\/www.matis.ca\/en\/shop\/sensi-milk-cleansing-milk\/\",\"name\":\"Sensi-Milk - Cleansing milk - Matis\",\"isPartOf\":{\"@id\":\"https:\/\/www.matis.ca\/en\/#website\"},\"primaryImageOfPage\":{\"@id\":\"https:\/\/www.matis.ca\/en\/shop\/sensi-milk-cleansing-milk\/#primaryimage\"},\"image\":{\"@id\":\"https:\/\/www.matis.ca\/en\/shop\/sensi-milk-cleansing-milk\/#primaryimage\"},\"thumbnailUrl\":\"https:\/\/www.matis.ca\/wp-content\/uploads\/2020\/07\/A0810041.png\",\"datePublished\":\"2026-04-29T16:01:14+00:00\",\"dateModified\":\"2026-04-29T16:01:20+00:00\",\"breadcrumb\":{\"@id\":\"https:\/\/www.matis.ca\/en\/shop\/sensi-milk-cleansing-milk\/#breadcrumb\"},\"inLanguage\":\"en-CA\",\"potentialAction\":[{\"@type\":\"ReadAction\",\"target\":[\"https:\/\/www.matis.ca\/en\/shop\/sensi-milk-cleansing-milk\/\"]}]},{\"@type\":\"ImageObject\",\"inLanguage\":\"en-CA\",\"@id\":\"https:\/\/www.matis.ca\/en\/shop\/sensi-milk-cleansing-milk\/#primaryimage\",\"url\":\"https:\/\/www.matis.ca\/wp-content\/uploads\/2020\/07\/A0810041.png\",\"contentUrl\":\"https:\/\/www.matis.ca\/wp-content\/uploads\/2020\/07\/A0810041.png\",\"width\":1000,\"height\":1000,\"caption\":\"Face cleanser for sensitive skin\"},{\"@type\":\"BreadcrumbList\",\"@id\":\"https:\/\/www.matis.ca\/en\/shop\/sensi-milk-cleansing-milk\/#breadcrumb\",\"itemListElement\":[{\"@type\":\"ListItem\",\"position\":1,\"name\":\"Accueil\",\"item\":\"https:\/\/www.matis.ca\/en\/\"},{\"@type\":\"ListItem\",\"position\":2,\"name\":\"Products\",\"item\":\"https:\/\/www.matis.ca\/en\/shop\/\"},{\"@type\":\"ListItem\",\"position\":3,\"name\":\"Sensi-Milk &#8211; Cleansing milk\"}]},{\"@type\":\"WebSite\",\"@id\":\"https:\/\/www.matis.ca\/en\/#website\",\"url\":\"https:\/\/www.matis.ca\/en\/\",\"name\":\"Matis\",\"description\":\"Une marque professionnelle pour des soins et produits d\u2019expertise\",\"potentialAction\":[{\"@type\":\"SearchAction\",\"target\":{\"@type\":\"EntryPoint\",\"urlTemplate\":\"https:\/\/www.matis.ca\/en\/?s={search_term_string}\"},\"query-input\":{\"@type\":\"PropertyValueSpecification\",\"valueRequired\":true,\"valueName\":\"search_term_string\"}}],\"inLanguage\":\"en-CA\"}]}<\/script>\n<!-- \/ Yoast SEO plugin. -->","yoast_head_json":{"title":"Sensi-Milk - Cleansing milk - Matis","robots":{"index":"index","follow":"follow","max-snippet":"max-snippet:-1","max-image-preview":"max-image-preview:large","max-video-preview":"max-video-preview:-1"},"og_locale":"en_US","og_type":"article","og_title":"Sensi-Milk - Cleansing milk - Matis","og_description":"This no-rinse ultra-gentle make-up remover, eliminates make-up while respecting the skin. The sweetness of this milk brings immediate feeling of comfort and well being.Intended for women of all ages with sensitive skin.&nbsp;","og_url":"https:\/\/www.matis.ca\/en\/shop\/sensi-milk-cleansing-milk\/","og_site_name":"Matis","article_modified_time":"2026-04-29T16:01:20+00:00","og_image":[{"width":1000,"height":1000,"url":"https:\/\/www.matis.ca\/wp-content\/uploads\/2020\/07\/A0810041.png","type":"image\/png"}],"twitter_card":"summary_large_image","twitter_misc":{"Est. reading time":"1 minute"},"schema":{"@context":"https:\/\/schema.org","@graph":[{"@type":"WebPage","@id":"https:\/\/www.matis.ca\/en\/shop\/sensi-milk-cleansing-milk\/","url":"https:\/\/www.matis.ca\/en\/shop\/sensi-milk-cleansing-milk\/","name":"Sensi-Milk - Cleansing milk - Matis","isPartOf":{"@id":"https:\/\/www.matis.ca\/en\/#website"},"primaryImageOfPage":{"@id":"https:\/\/www.matis.ca\/en\/shop\/sensi-milk-cleansing-milk\/#primaryimage"},"image":{"@id":"https:\/\/www.matis.ca\/en\/shop\/sensi-milk-cleansing-milk\/#primaryimage"},"thumbnailUrl":"https:\/\/www.matis.ca\/wp-content\/uploads\/2020\/07\/A0810041.png","datePublished":"2026-04-29T16:01:14+00:00","dateModified":"2026-04-29T16:01:20+00:00","breadcrumb":{"@id":"https:\/\/www.matis.ca\/en\/shop\/sensi-milk-cleansing-milk\/#breadcrumb"},"inLanguage":"en-CA","potentialAction":[{"@type":"ReadAction","target":["https:\/\/www.matis.ca\/en\/shop\/sensi-milk-cleansing-milk\/"]}]},{"@type":"ImageObject","inLanguage":"en-CA","@id":"https:\/\/www.matis.ca\/en\/shop\/sensi-milk-cleansing-milk\/#primaryimage","url":"https:\/\/www.matis.ca\/wp-content\/uploads\/2020\/07\/A0810041.png","contentUrl":"https:\/\/www.matis.ca\/wp-content\/uploads\/2020\/07\/A0810041.png","width":1000,"height":1000,"caption":"Face cleanser for sensitive skin"},{"@type":"BreadcrumbList","@id":"https:\/\/www.matis.ca\/en\/shop\/sensi-milk-cleansing-milk\/#breadcrumb","itemListElement":[{"@type":"ListItem","position":1,"name":"Accueil","item":"https:\/\/www.matis.ca\/en\/"},{"@type":"ListItem","position":2,"name":"Products","item":"https:\/\/www.matis.ca\/en\/shop\/"},{"@type":"ListItem","position":3,"name":"Sensi-Milk &#8211; Cleansing milk"}]},{"@type":"WebSite","@id":"https:\/\/www.matis.ca\/en\/#website","url":"https:\/\/www.matis.ca\/en\/","name":"Matis","description":"Une marque professionnelle pour des soins et produits d\u2019expertise","potentialAction":[{"@type":"SearchAction","target":{"@type":"EntryPoint","urlTemplate":"https:\/\/www.matis.ca\/en\/?s={search_term_string}"},"query-input":{"@type":"PropertyValueSpecification","valueRequired":true,"valueName":"search_term_string"}}],"inLanguage":"en-CA"}]}},"_links":{"self":[{"href":"https:\/\/www.matis.ca\/en\/wp-json\/wp\/v2\/product\/20786","targetHints":{"allow":["GET"]}}],"collection":[{"href":"https:\/\/www.matis.ca\/en\/wp-json\/wp\/v2\/product"}],"about":[{"href":"https:\/\/www.matis.ca\/en\/wp-json\/wp\/v2\/types\/product"}],"replies":[{"embeddable":true,"href":"https:\/\/www.matis.ca\/en\/wp-json\/wp\/v2\/comments?post=20786"}],"version-history":[{"count":5,"href":"https:\/\/www.matis.ca\/en\/wp-json\/wp\/v2\/product\/20786\/revisions"}],"predecessor-version":[{"id":30675,"href":"https:\/\/www.matis.ca\/en\/wp-json\/wp\/v2\/product\/20786\/revisions\/30675"}],"wp:featuredmedia":[{"embeddable":true,"href":"https:\/\/www.matis.ca\/en\/wp-json\/wp\/v2\/media\/20788"}],"wp:attachment":[{"href":"https:\/\/www.matis.ca\/en\/wp-json\/wp\/v2\/media?parent=20786"}],"wp:term":[{"taxonomy":"product_brand","embeddable":true,"href":"https:\/\/www.matis.ca\/en\/wp-json\/wp\/v2\/product_brand?post=20786"},{"taxonomy":"product_cat","embeddable":true,"href":"https:\/\/www.matis.ca\/en\/wp-json\/wp\/v2\/product_cat?post=20786"},{"taxonomy":"product_tag","embeddable":true,"href":"https:\/\/www.matis.ca\/en\/wp-json\/wp\/v2\/product_tag?post=20786"},{"taxonomy":"reponses","embeddable":true,"href":"https:\/\/www.matis.ca\/en\/wp-json\/wp\/v2\/reponses?post=20786"},{"taxonomy":"type-de-soin","embeddable":true,"href":"https:\/\/www.matis.ca\/en\/wp-json\/wp\/v2\/type-de-soin?post=20786"},{"taxonomy":"preoccupation","embeddable":true,"href":"https:\/\/www.matis.ca\/en\/wp-json\/wp\/v2\/preoccupation?post=20786"}],"curies":[{"name":"wp","href":"https:\/\/api.w.org\/{rel}","templated":true}]}}