{"id":20797,"date":"2026-04-29T12:01:20","date_gmt":"2026-04-29T16:01:20","guid":{"rendered":"https:\/\/matis.ca\/boutique\/sensi-essence-gentle-toner-sensitive-skin\/"},"modified":"2026-04-29T12:01:25","modified_gmt":"2026-04-29T16:01:25","slug":"sensi-essence-alcohol-free-lotion","status":"publish","type":"product","link":"https:\/\/www.matis.ca\/en\/shop\/sensi-essence-alcohol-free-lotion\/","title":{"rendered":"Sensi-Essence &#8211; Alcohol-free lotion"},"content":{"rendered":"<p>Bien plus qu\u2019une simple lotion, Sensi-Essence est un v\u00e9ritable soin r\u00e9confortant pour les peaux sensibles.<\/p>\n<p>\t\t\t3\t\t<\/p>\n<h2>INGR\u00c9DIENTS<br \/>\nBARRI\u00c8RE :<br \/>\n<\/h2>\n<p>\t\t\t1\t\t<\/p>\n<h3>CIRE ESSENTIELLE DE FLEUR D\u2019ORANGER<\/h3>\n<p>La fleur anti-stress aux propri\u00e9t\u00e9s rafra\u00eechissantes et adoucissantes pour la peau.<\/p>\n<p>\t\t\t2\t\t<\/p>\n<h3>FLEUR DE SAFRAN<\/h3>\n<p>Des propri\u00e9t\u00e9s cosm\u00e9tiques inou\u00efes ont d\u00e9montr\u00e9es qu\u2019elle aide \u00e0 renforcer la barri\u00e8re cutan\u00e9e et qu\u2019elle diminue la sensation d\u2019inconfort.<\/p>\n<p>\t\t\t3\t\t<\/p>\n<h3>EAU FLORALE DE TILLEUL<\/h3>\n<p align=\"center\">Ses vertus aident les peaux fragiles et diminuent les sensations de tiraillements.<\/p>\n<h2>Triple b\u00e9n\u00e9fice<\/h2>\n<ul>\n<li style=\"text-align: left;\">Nettoyant<\/li>\n<li style=\"text-align: left;\">Parfait le d\u00e9maquillage<\/li>\n<li style=\"text-align: left;\">Rafra\u00eechissant<\/li>\n<\/ul>\n<p>\t\t\t\t\t\t\t\t\t\t\t\t<img loading=\"lazy\" decoding=\"async\" width=\"396\" height=\"332\" src=\"https:\/\/www.matis.ca\/wp-content\/uploads\/2021\/03\/fleur-d-oranger.jpeg\" alt=\"\" loading=\"lazy\" srcset=\"https:\/\/www.matis.ca\/wp-content\/uploads\/2021\/03\/fleur-d-oranger.jpeg 396w, https:\/\/www.matis.ca\/wp-content\/uploads\/2021\/03\/fleur-d-oranger-300x252.jpeg 300w, https:\/\/www.matis.ca\/wp-content\/uploads\/2021\/03\/fleur-d-oranger-150x126.jpeg 150w\" sizes=\"auto, (max-width: 396px) 100vw, 396px\" \/><\/p>\n","protected":false},"excerpt":{"rendered":"<p>This gentle alcohol-free toner is a complement to the cleaning of sensitive skins, to remove make-up while refreshing and relaxing.&nbsp;<\/p>\n<p>Skin feels fresh, soothed, perfectly cleansed, and ready for beauty treatments.<\/p>\n<p>Its light texture perfectly removes makeup. It is suitable for women of all ages with sensitive skin.<\/p>\n","protected":false},"featured_media":20793,"comment_status":"open","ping_status":"open","template":"","meta":{"inline_featured_image":false},"product_brand":[],"product_cat":[234],"product_tag":[],"reponses":[256,390],"type-de-soin":[280,374],"preoccupation":[282],"class_list":{"0":"post-20797","1":"product","2":"type-product","3":"status-publish","4":"has-post-thumbnail","6":"product_cat-face","7":"reponses-reponse-delicate-en","8":"reponses-reponse_delicate","9":"type-de-soin-cleanser-and-lotion","10":"type-de-soin-demaquillant_lotion","11":"preoccupation-sensitivity","13":"first","14":"instock","15":"taxable","16":"shipping-taxable","17":"purchasable","18":"product-type-simple"},"yoast_head":"<!-- This site is optimized with the Yoast SEO plugin v26.3 - https:\/\/yoast.com\/wordpress\/plugins\/seo\/ -->\n<title>Sensi-Essence - Alcohol-free lotion - Matis<\/title>\n<meta name=\"robots\" content=\"index, follow, max-snippet:-1, max-image-preview:large, max-video-preview:-1\" \/>\n<meta property=\"og:locale\" content=\"en_US\" \/>\n<meta property=\"og:type\" content=\"article\" \/>\n<meta property=\"og:title\" content=\"Sensi-Essence - Alcohol-free lotion - Matis\" \/>\n<meta property=\"og:description\" content=\"This gentle alcohol-free toner is a complement to the cleaning of sensitive skins, to remove make-up while refreshing and relaxing.&nbsp;Skin feels fresh, soothed, perfectly cleansed, and ready for beauty treatments.Its light texture perfectly removes makeup. It is suitable for women of all ages with sensitive skin.\" \/>\n<meta property=\"og:url\" content=\"https:\/\/www.matis.ca\/en\/shop\/sensi-essence-alcohol-free-lotion\/\" \/>\n<meta property=\"og:site_name\" content=\"Matis\" \/>\n<meta property=\"article:modified_time\" content=\"2026-04-29T16:01:25+00:00\" \/>\n<meta property=\"og:image\" content=\"https:\/\/www.matis.ca\/wp-content\/uploads\/2020\/07\/A0810051.png\" \/>\n\t<meta property=\"og:image:width\" content=\"1000\" \/>\n\t<meta property=\"og:image:height\" content=\"1000\" \/>\n\t<meta property=\"og:image:type\" content=\"image\/png\" \/>\n<meta name=\"twitter:card\" content=\"summary_large_image\" \/>\n<meta name=\"twitter:label1\" content=\"Est. reading time\" \/>\n\t<meta name=\"twitter:data1\" content=\"1 minute\" \/>\n<script type=\"application\/ld+json\" class=\"yoast-schema-graph\">{\"@context\":\"https:\/\/schema.org\",\"@graph\":[{\"@type\":\"WebPage\",\"@id\":\"https:\/\/www.matis.ca\/en\/shop\/sensi-essence-alcohol-free-lotion\/\",\"url\":\"https:\/\/www.matis.ca\/en\/shop\/sensi-essence-alcohol-free-lotion\/\",\"name\":\"Sensi-Essence - Alcohol-free lotion - Matis\",\"isPartOf\":{\"@id\":\"https:\/\/www.matis.ca\/en\/#website\"},\"primaryImageOfPage\":{\"@id\":\"https:\/\/www.matis.ca\/en\/shop\/sensi-essence-alcohol-free-lotion\/#primaryimage\"},\"image\":{\"@id\":\"https:\/\/www.matis.ca\/en\/shop\/sensi-essence-alcohol-free-lotion\/#primaryimage\"},\"thumbnailUrl\":\"https:\/\/www.matis.ca\/wp-content\/uploads\/2020\/07\/A0810051.png\",\"datePublished\":\"2026-04-29T16:01:20+00:00\",\"dateModified\":\"2026-04-29T16:01:25+00:00\",\"breadcrumb\":{\"@id\":\"https:\/\/www.matis.ca\/en\/shop\/sensi-essence-alcohol-free-lotion\/#breadcrumb\"},\"inLanguage\":\"en-CA\",\"potentialAction\":[{\"@type\":\"ReadAction\",\"target\":[\"https:\/\/www.matis.ca\/en\/shop\/sensi-essence-alcohol-free-lotion\/\"]}]},{\"@type\":\"ImageObject\",\"inLanguage\":\"en-CA\",\"@id\":\"https:\/\/www.matis.ca\/en\/shop\/sensi-essence-alcohol-free-lotion\/#primaryimage\",\"url\":\"https:\/\/www.matis.ca\/wp-content\/uploads\/2020\/07\/A0810051.png\",\"contentUrl\":\"https:\/\/www.matis.ca\/wp-content\/uploads\/2020\/07\/A0810051.png\",\"width\":1000,\"height\":1000,\"caption\":\"Face lotion for sensitive skin\"},{\"@type\":\"BreadcrumbList\",\"@id\":\"https:\/\/www.matis.ca\/en\/shop\/sensi-essence-alcohol-free-lotion\/#breadcrumb\",\"itemListElement\":[{\"@type\":\"ListItem\",\"position\":1,\"name\":\"Accueil\",\"item\":\"https:\/\/www.matis.ca\/en\/\"},{\"@type\":\"ListItem\",\"position\":2,\"name\":\"Products\",\"item\":\"https:\/\/www.matis.ca\/en\/shop\/\"},{\"@type\":\"ListItem\",\"position\":3,\"name\":\"Sensi-Essence &#8211; Alcohol-free lotion\"}]},{\"@type\":\"WebSite\",\"@id\":\"https:\/\/www.matis.ca\/en\/#website\",\"url\":\"https:\/\/www.matis.ca\/en\/\",\"name\":\"Matis\",\"description\":\"Une marque professionnelle pour des soins et produits d\u2019expertise\",\"potentialAction\":[{\"@type\":\"SearchAction\",\"target\":{\"@type\":\"EntryPoint\",\"urlTemplate\":\"https:\/\/www.matis.ca\/en\/?s={search_term_string}\"},\"query-input\":{\"@type\":\"PropertyValueSpecification\",\"valueRequired\":true,\"valueName\":\"search_term_string\"}}],\"inLanguage\":\"en-CA\"}]}<\/script>\n<!-- \/ Yoast SEO plugin. -->","yoast_head_json":{"title":"Sensi-Essence - Alcohol-free lotion - Matis","robots":{"index":"index","follow":"follow","max-snippet":"max-snippet:-1","max-image-preview":"max-image-preview:large","max-video-preview":"max-video-preview:-1"},"og_locale":"en_US","og_type":"article","og_title":"Sensi-Essence - Alcohol-free lotion - Matis","og_description":"This gentle alcohol-free toner is a complement to the cleaning of sensitive skins, to remove make-up while refreshing and relaxing.&nbsp;Skin feels fresh, soothed, perfectly cleansed, and ready for beauty treatments.Its light texture perfectly removes makeup. It is suitable for women of all ages with sensitive skin.","og_url":"https:\/\/www.matis.ca\/en\/shop\/sensi-essence-alcohol-free-lotion\/","og_site_name":"Matis","article_modified_time":"2026-04-29T16:01:25+00:00","og_image":[{"width":1000,"height":1000,"url":"https:\/\/www.matis.ca\/wp-content\/uploads\/2020\/07\/A0810051.png","type":"image\/png"}],"twitter_card":"summary_large_image","twitter_misc":{"Est. reading time":"1 minute"},"schema":{"@context":"https:\/\/schema.org","@graph":[{"@type":"WebPage","@id":"https:\/\/www.matis.ca\/en\/shop\/sensi-essence-alcohol-free-lotion\/","url":"https:\/\/www.matis.ca\/en\/shop\/sensi-essence-alcohol-free-lotion\/","name":"Sensi-Essence - Alcohol-free lotion - Matis","isPartOf":{"@id":"https:\/\/www.matis.ca\/en\/#website"},"primaryImageOfPage":{"@id":"https:\/\/www.matis.ca\/en\/shop\/sensi-essence-alcohol-free-lotion\/#primaryimage"},"image":{"@id":"https:\/\/www.matis.ca\/en\/shop\/sensi-essence-alcohol-free-lotion\/#primaryimage"},"thumbnailUrl":"https:\/\/www.matis.ca\/wp-content\/uploads\/2020\/07\/A0810051.png","datePublished":"2026-04-29T16:01:20+00:00","dateModified":"2026-04-29T16:01:25+00:00","breadcrumb":{"@id":"https:\/\/www.matis.ca\/en\/shop\/sensi-essence-alcohol-free-lotion\/#breadcrumb"},"inLanguage":"en-CA","potentialAction":[{"@type":"ReadAction","target":["https:\/\/www.matis.ca\/en\/shop\/sensi-essence-alcohol-free-lotion\/"]}]},{"@type":"ImageObject","inLanguage":"en-CA","@id":"https:\/\/www.matis.ca\/en\/shop\/sensi-essence-alcohol-free-lotion\/#primaryimage","url":"https:\/\/www.matis.ca\/wp-content\/uploads\/2020\/07\/A0810051.png","contentUrl":"https:\/\/www.matis.ca\/wp-content\/uploads\/2020\/07\/A0810051.png","width":1000,"height":1000,"caption":"Face lotion for sensitive skin"},{"@type":"BreadcrumbList","@id":"https:\/\/www.matis.ca\/en\/shop\/sensi-essence-alcohol-free-lotion\/#breadcrumb","itemListElement":[{"@type":"ListItem","position":1,"name":"Accueil","item":"https:\/\/www.matis.ca\/en\/"},{"@type":"ListItem","position":2,"name":"Products","item":"https:\/\/www.matis.ca\/en\/shop\/"},{"@type":"ListItem","position":3,"name":"Sensi-Essence &#8211; Alcohol-free lotion"}]},{"@type":"WebSite","@id":"https:\/\/www.matis.ca\/en\/#website","url":"https:\/\/www.matis.ca\/en\/","name":"Matis","description":"Une marque professionnelle pour des soins et produits d\u2019expertise","potentialAction":[{"@type":"SearchAction","target":{"@type":"EntryPoint","urlTemplate":"https:\/\/www.matis.ca\/en\/?s={search_term_string}"},"query-input":{"@type":"PropertyValueSpecification","valueRequired":true,"valueName":"search_term_string"}}],"inLanguage":"en-CA"}]}},"_links":{"self":[{"href":"https:\/\/www.matis.ca\/en\/wp-json\/wp\/v2\/product\/20797","targetHints":{"allow":["GET"]}}],"collection":[{"href":"https:\/\/www.matis.ca\/en\/wp-json\/wp\/v2\/product"}],"about":[{"href":"https:\/\/www.matis.ca\/en\/wp-json\/wp\/v2\/types\/product"}],"replies":[{"embeddable":true,"href":"https:\/\/www.matis.ca\/en\/wp-json\/wp\/v2\/comments?post=20797"}],"version-history":[{"count":5,"href":"https:\/\/www.matis.ca\/en\/wp-json\/wp\/v2\/product\/20797\/revisions"}],"predecessor-version":[{"id":30676,"href":"https:\/\/www.matis.ca\/en\/wp-json\/wp\/v2\/product\/20797\/revisions\/30676"}],"wp:featuredmedia":[{"embeddable":true,"href":"https:\/\/www.matis.ca\/en\/wp-json\/wp\/v2\/media\/20793"}],"wp:attachment":[{"href":"https:\/\/www.matis.ca\/en\/wp-json\/wp\/v2\/media?parent=20797"}],"wp:term":[{"taxonomy":"product_brand","embeddable":true,"href":"https:\/\/www.matis.ca\/en\/wp-json\/wp\/v2\/product_brand?post=20797"},{"taxonomy":"product_cat","embeddable":true,"href":"https:\/\/www.matis.ca\/en\/wp-json\/wp\/v2\/product_cat?post=20797"},{"taxonomy":"product_tag","embeddable":true,"href":"https:\/\/www.matis.ca\/en\/wp-json\/wp\/v2\/product_tag?post=20797"},{"taxonomy":"reponses","embeddable":true,"href":"https:\/\/www.matis.ca\/en\/wp-json\/wp\/v2\/reponses?post=20797"},{"taxonomy":"type-de-soin","embeddable":true,"href":"https:\/\/www.matis.ca\/en\/wp-json\/wp\/v2\/type-de-soin?post=20797"},{"taxonomy":"preoccupation","embeddable":true,"href":"https:\/\/www.matis.ca\/en\/wp-json\/wp\/v2\/preoccupation?post=20797"}],"curies":[{"name":"wp","href":"https:\/\/api.w.org\/{rel}","templated":true}]}}