{"id":21109,"date":"2026-04-29T12:01:01","date_gmt":"2026-04-29T16:01:01","guid":{"rendered":"https:\/\/matis.ca\/boutique\/sensicleansing-cream-comfort-make-up-remover-cream-sensitive-skin\/"},"modified":"2026-04-29T12:01:07","modified_gmt":"2026-04-29T16:01:07","slug":"sensicleansing-cream-creamy-makeup-remover","status":"publish","type":"product","link":"https:\/\/www.matis.ca\/en\/shop\/sensicleansing-cream-creamy-makeup-remover\/","title":{"rendered":"Sensicleansing-Cream &#8211; Creamy makeup remover"},"content":{"rendered":"<p>Son onctuosit\u00e9 permet un modelage agr\u00e9able du visage et du cou.<\/p>\n<p>\t\t\t1\t\t<\/p>\n<h2>TEXTURE <br \/>\nFONDANTE :<br \/>\n<\/h2>\n<p>\t\t\t1\t\t<\/p>\n<h3>FLEUR DE SAFRAN<\/h3>\n<p>Des propri\u00e9t\u00e9s cosm\u00e9tiques inou\u00efes ont d\u00e9montr\u00e9es qu\u2019elle aide \u00e0 renforcer la barri\u00e8re cutan\u00e9e et qu\u2019elle diminue la sensation d\u2019inconfort.<\/p>\n<p>\t\t\t2\t\t<\/p>\n<h3>BEURRE D&#8217;ILLIP\u00c9<\/h3>\n<p>\u00c9mollient reconnu pour ses nombreuses vertus bienfaisantes en cosm\u00e9tique.<\/p>\n<p>\t\t\t3\t\t<\/p>\n<h3>CIRE ESSENTIELLE DE FLEUR D\u2019ORANGER<\/h3>\n<p align=\"center\">La fleur anti-stress aux propri\u00e9t\u00e9s rafra\u00eechissantes et adoucissantes pour la peau.<\/p>\n<h2>R\u00e9sultats visibles<\/h2>\n<ul>\n<li style=\"text-align: left;\">Une sensation de confort et de bien-\u00eatre imm\u00e9diate\u00a0: 95 %<\/li>\n<li style=\"text-align: left;\">Peau parfaitement d\u00e9maquill\u00e9e\u00a0: 100 %<\/li>\n<li style=\"text-align: left;\">Adapt\u00e9e aux peaux fragiles : 100 %<\/li>\n<\/ul>\n<p>\t\t\t\t\t\t\t\t\t\t\t\t<img loading=\"lazy\" decoding=\"async\" width=\"340\" height=\"250\" src=\"https:\/\/www.matis.ca\/wp-content\/uploads\/2019\/09\/fleur_safran.jpg\" alt=\"\" loading=\"lazy\" srcset=\"https:\/\/www.matis.ca\/wp-content\/uploads\/2019\/09\/fleur_safran.jpg 340w, https:\/\/www.matis.ca\/wp-content\/uploads\/2019\/09\/fleur_safran-300x221.jpg 300w, https:\/\/www.matis.ca\/wp-content\/uploads\/2019\/09\/fleur_safran-150x110.jpg 150w\" sizes=\"auto, (max-width: 340px) 100vw, 340px\" \/>\t\t\t\t\t\t\t\t\t\t\t\t\t\t<\/p>\n<p><em>\u00c9valuations pendant 28 jours cons\u00e9cutifs d\u2019application quotidienne (matin et soir) de Sensicleansing-Cream, sur 22 femmes ayant la peau d\u00e9licate sur l\u2019ensemble du visage et du cou.<\/em><\/p>\n","protected":false},"excerpt":{"rendered":"<p>This creamy formula gently removes make-up and is suitable for sensitive and reactive skin. Its rich, creamy texture envelops the skin. Sensitive skin is perfectly cleansed and feels immediately comfortable.<\/p>\n<p>Dermatologically tested.<\/p>\n","protected":false},"featured_media":21108,"comment_status":"closed","ping_status":"open","template":"","meta":{"inline_featured_image":false},"product_brand":[],"product_cat":[234],"product_tag":[],"reponses":[256,390],"type-de-soin":[280,374],"preoccupation":[196,282],"class_list":{"0":"post-21109","1":"product","2":"type-product","3":"status-publish","4":"has-post-thumbnail","6":"product_cat-face","7":"reponses-reponse-delicate-en","8":"reponses-reponse_delicate","9":"type-de-soin-cleanser-and-lotion","10":"type-de-soin-demaquillant_lotion","11":"preoccupation-hydration","12":"preoccupation-sensitivity","14":"first","15":"instock","16":"taxable","17":"shipping-taxable","18":"purchasable","19":"product-type-simple"},"yoast_head":"<!-- This site is optimized with the Yoast SEO plugin v26.3 - https:\/\/yoast.com\/wordpress\/plugins\/seo\/ -->\n<title>Sensicleansing-Cream - Creamy makeup remover - Matis<\/title>\n<meta name=\"robots\" content=\"index, follow, max-snippet:-1, max-image-preview:large, max-video-preview:-1\" \/>\n<meta property=\"og:locale\" content=\"en_US\" \/>\n<meta property=\"og:type\" content=\"article\" \/>\n<meta property=\"og:title\" content=\"Sensicleansing-Cream - Creamy makeup remover - Matis\" \/>\n<meta property=\"og:description\" content=\"This creamy formula gently removes make-up and is suitable for sensitive and reactive skin. Its rich, creamy texture envelops the skin. Sensitive skin is perfectly cleansed and feels immediately comfortable.Dermatologically tested.\" \/>\n<meta property=\"og:url\" content=\"https:\/\/www.matis.ca\/en\/shop\/sensicleansing-cream-creamy-makeup-remover\/\" \/>\n<meta property=\"og:site_name\" content=\"Matis\" \/>\n<meta property=\"article:modified_time\" content=\"2026-04-29T16:01:07+00:00\" \/>\n<meta property=\"og:image\" content=\"https:\/\/www.matis.ca\/wp-content\/uploads\/2020\/11\/A0810031.png\" \/>\n\t<meta property=\"og:image:width\" content=\"1\" \/>\n\t<meta property=\"og:image:height\" content=\"1\" \/>\n\t<meta property=\"og:image:type\" content=\"image\/png\" \/>\n<meta name=\"twitter:card\" content=\"summary_large_image\" \/>\n<meta name=\"twitter:label1\" content=\"Est. reading time\" \/>\n\t<meta name=\"twitter:data1\" content=\"1 minute\" \/>\n<script type=\"application\/ld+json\" class=\"yoast-schema-graph\">{\"@context\":\"https:\/\/schema.org\",\"@graph\":[{\"@type\":\"WebPage\",\"@id\":\"https:\/\/www.matis.ca\/en\/shop\/sensicleansing-cream-creamy-makeup-remover\/\",\"url\":\"https:\/\/www.matis.ca\/en\/shop\/sensicleansing-cream-creamy-makeup-remover\/\",\"name\":\"Sensicleansing-Cream - Creamy makeup remover - Matis\",\"isPartOf\":{\"@id\":\"https:\/\/www.matis.ca\/en\/#website\"},\"primaryImageOfPage\":{\"@id\":\"https:\/\/www.matis.ca\/en\/shop\/sensicleansing-cream-creamy-makeup-remover\/#primaryimage\"},\"image\":{\"@id\":\"https:\/\/www.matis.ca\/en\/shop\/sensicleansing-cream-creamy-makeup-remover\/#primaryimage\"},\"thumbnailUrl\":\"https:\/\/www.matis.ca\/wp-content\/uploads\/2020\/11\/A0810031.png\",\"datePublished\":\"2026-04-29T16:01:01+00:00\",\"dateModified\":\"2026-04-29T16:01:07+00:00\",\"breadcrumb\":{\"@id\":\"https:\/\/www.matis.ca\/en\/shop\/sensicleansing-cream-creamy-makeup-remover\/#breadcrumb\"},\"inLanguage\":\"en-CA\",\"potentialAction\":[{\"@type\":\"ReadAction\",\"target\":[\"https:\/\/www.matis.ca\/en\/shop\/sensicleansing-cream-creamy-makeup-remover\/\"]}]},{\"@type\":\"ImageObject\",\"inLanguage\":\"en-CA\",\"@id\":\"https:\/\/www.matis.ca\/en\/shop\/sensicleansing-cream-creamy-makeup-remover\/#primaryimage\",\"url\":\"https:\/\/www.matis.ca\/wp-content\/uploads\/2020\/11\/A0810031.png\",\"contentUrl\":\"https:\/\/www.matis.ca\/wp-content\/uploads\/2020\/11\/A0810031.png\",\"caption\":\"Cleansing cream for sensitive skin\"},{\"@type\":\"BreadcrumbList\",\"@id\":\"https:\/\/www.matis.ca\/en\/shop\/sensicleansing-cream-creamy-makeup-remover\/#breadcrumb\",\"itemListElement\":[{\"@type\":\"ListItem\",\"position\":1,\"name\":\"Accueil\",\"item\":\"https:\/\/www.matis.ca\/en\/\"},{\"@type\":\"ListItem\",\"position\":2,\"name\":\"Products\",\"item\":\"https:\/\/www.matis.ca\/en\/shop\/\"},{\"@type\":\"ListItem\",\"position\":3,\"name\":\"Sensicleansing-Cream &#8211; Creamy makeup remover\"}]},{\"@type\":\"WebSite\",\"@id\":\"https:\/\/www.matis.ca\/en\/#website\",\"url\":\"https:\/\/www.matis.ca\/en\/\",\"name\":\"Matis\",\"description\":\"Une marque professionnelle pour des soins et produits d\u2019expertise\",\"potentialAction\":[{\"@type\":\"SearchAction\",\"target\":{\"@type\":\"EntryPoint\",\"urlTemplate\":\"https:\/\/www.matis.ca\/en\/?s={search_term_string}\"},\"query-input\":{\"@type\":\"PropertyValueSpecification\",\"valueRequired\":true,\"valueName\":\"search_term_string\"}}],\"inLanguage\":\"en-CA\"}]}<\/script>\n<!-- \/ Yoast SEO plugin. -->","yoast_head_json":{"title":"Sensicleansing-Cream - Creamy makeup remover - Matis","robots":{"index":"index","follow":"follow","max-snippet":"max-snippet:-1","max-image-preview":"max-image-preview:large","max-video-preview":"max-video-preview:-1"},"og_locale":"en_US","og_type":"article","og_title":"Sensicleansing-Cream - Creamy makeup remover - Matis","og_description":"This creamy formula gently removes make-up and is suitable for sensitive and reactive skin. Its rich, creamy texture envelops the skin. Sensitive skin is perfectly cleansed and feels immediately comfortable.Dermatologically tested.","og_url":"https:\/\/www.matis.ca\/en\/shop\/sensicleansing-cream-creamy-makeup-remover\/","og_site_name":"Matis","article_modified_time":"2026-04-29T16:01:07+00:00","og_image":[{"url":"https:\/\/www.matis.ca\/wp-content\/uploads\/2020\/11\/A0810031.png","width":1,"height":1,"type":"image\/png"}],"twitter_card":"summary_large_image","twitter_misc":{"Est. reading time":"1 minute"},"schema":{"@context":"https:\/\/schema.org","@graph":[{"@type":"WebPage","@id":"https:\/\/www.matis.ca\/en\/shop\/sensicleansing-cream-creamy-makeup-remover\/","url":"https:\/\/www.matis.ca\/en\/shop\/sensicleansing-cream-creamy-makeup-remover\/","name":"Sensicleansing-Cream - Creamy makeup remover - Matis","isPartOf":{"@id":"https:\/\/www.matis.ca\/en\/#website"},"primaryImageOfPage":{"@id":"https:\/\/www.matis.ca\/en\/shop\/sensicleansing-cream-creamy-makeup-remover\/#primaryimage"},"image":{"@id":"https:\/\/www.matis.ca\/en\/shop\/sensicleansing-cream-creamy-makeup-remover\/#primaryimage"},"thumbnailUrl":"https:\/\/www.matis.ca\/wp-content\/uploads\/2020\/11\/A0810031.png","datePublished":"2026-04-29T16:01:01+00:00","dateModified":"2026-04-29T16:01:07+00:00","breadcrumb":{"@id":"https:\/\/www.matis.ca\/en\/shop\/sensicleansing-cream-creamy-makeup-remover\/#breadcrumb"},"inLanguage":"en-CA","potentialAction":[{"@type":"ReadAction","target":["https:\/\/www.matis.ca\/en\/shop\/sensicleansing-cream-creamy-makeup-remover\/"]}]},{"@type":"ImageObject","inLanguage":"en-CA","@id":"https:\/\/www.matis.ca\/en\/shop\/sensicleansing-cream-creamy-makeup-remover\/#primaryimage","url":"https:\/\/www.matis.ca\/wp-content\/uploads\/2020\/11\/A0810031.png","contentUrl":"https:\/\/www.matis.ca\/wp-content\/uploads\/2020\/11\/A0810031.png","caption":"Cleansing cream for sensitive skin"},{"@type":"BreadcrumbList","@id":"https:\/\/www.matis.ca\/en\/shop\/sensicleansing-cream-creamy-makeup-remover\/#breadcrumb","itemListElement":[{"@type":"ListItem","position":1,"name":"Accueil","item":"https:\/\/www.matis.ca\/en\/"},{"@type":"ListItem","position":2,"name":"Products","item":"https:\/\/www.matis.ca\/en\/shop\/"},{"@type":"ListItem","position":3,"name":"Sensicleansing-Cream &#8211; Creamy makeup remover"}]},{"@type":"WebSite","@id":"https:\/\/www.matis.ca\/en\/#website","url":"https:\/\/www.matis.ca\/en\/","name":"Matis","description":"Une marque professionnelle pour des soins et produits d\u2019expertise","potentialAction":[{"@type":"SearchAction","target":{"@type":"EntryPoint","urlTemplate":"https:\/\/www.matis.ca\/en\/?s={search_term_string}"},"query-input":{"@type":"PropertyValueSpecification","valueRequired":true,"valueName":"search_term_string"}}],"inLanguage":"en-CA"}]}},"_links":{"self":[{"href":"https:\/\/www.matis.ca\/en\/wp-json\/wp\/v2\/product\/21109","targetHints":{"allow":["GET"]}}],"collection":[{"href":"https:\/\/www.matis.ca\/en\/wp-json\/wp\/v2\/product"}],"about":[{"href":"https:\/\/www.matis.ca\/en\/wp-json\/wp\/v2\/types\/product"}],"replies":[{"embeddable":true,"href":"https:\/\/www.matis.ca\/en\/wp-json\/wp\/v2\/comments?post=21109"}],"version-history":[{"count":5,"href":"https:\/\/www.matis.ca\/en\/wp-json\/wp\/v2\/product\/21109\/revisions"}],"predecessor-version":[{"id":30674,"href":"https:\/\/www.matis.ca\/en\/wp-json\/wp\/v2\/product\/21109\/revisions\/30674"}],"wp:featuredmedia":[{"embeddable":true,"href":"https:\/\/www.matis.ca\/en\/wp-json\/wp\/v2\/media\/21108"}],"wp:attachment":[{"href":"https:\/\/www.matis.ca\/en\/wp-json\/wp\/v2\/media?parent=21109"}],"wp:term":[{"taxonomy":"product_brand","embeddable":true,"href":"https:\/\/www.matis.ca\/en\/wp-json\/wp\/v2\/product_brand?post=21109"},{"taxonomy":"product_cat","embeddable":true,"href":"https:\/\/www.matis.ca\/en\/wp-json\/wp\/v2\/product_cat?post=21109"},{"taxonomy":"product_tag","embeddable":true,"href":"https:\/\/www.matis.ca\/en\/wp-json\/wp\/v2\/product_tag?post=21109"},{"taxonomy":"reponses","embeddable":true,"href":"https:\/\/www.matis.ca\/en\/wp-json\/wp\/v2\/reponses?post=21109"},{"taxonomy":"type-de-soin","embeddable":true,"href":"https:\/\/www.matis.ca\/en\/wp-json\/wp\/v2\/type-de-soin?post=21109"},{"taxonomy":"preoccupation","embeddable":true,"href":"https:\/\/www.matis.ca\/en\/wp-json\/wp\/v2\/preoccupation?post=21109"}],"curies":[{"name":"wp","href":"https:\/\/api.w.org\/{rel}","templated":true}]}}