{"id":22028,"date":"2026-04-15T12:01:25","date_gmt":"2026-04-15T16:01:25","guid":{"rendered":"https:\/\/matis.ca\/boutique\/micell-eyes-eye-micellar-water-for-lashes-and-eyelash-extensions\/"},"modified":"2026-04-15T12:01:31","modified_gmt":"2026-04-15T16:01:31","slug":"micell-eyes-oil-free-make-up-remover","status":"publish","type":"product","link":"https:\/\/www.matis.ca\/en\/shop\/micell-eyes-oil-free-make-up-remover\/","title":{"rendered":"Micell-Eyes &#8211; Oil-free make-up remover"},"content":{"rendered":"<p>Le d\u00e9maquillant des yeux le plus polyvalent.<\/p>\n<p>3<\/p>\n<h2>INGR\u00c9DIENTS<br \/>\nNETTOYANTS APAISANTS :<\/h2>\n<p>1<\/p>\n<h3>COMPLEXE MICELL-EYES<\/h3>\n<p>Ce complexe renferme des micro particules invisibles compos\u00e9es de tensioactifs tr\u00e8s doux. Leur forme permet de capturer les impuret\u00e9s, le maquillage et le s\u00e9bum, puis de les m\u00e9langer \u00e0 la phase aqueuse pour les \u00e9liminer.<\/p>\n<p>2<\/p>\n<h3>EAU FLORALE D&#8217;HAMAM\u00c9LIS<\/h3>\n<p>Ses propri\u00e9t\u00e9s tonifiantes am\u00e9liore l&#8217;apparence du regard.<\/p>\n<p>3<\/p>\n<h3>EAU V\u00c9G\u00c9TALE DE TH\u00c9 MATCHA<\/h3>\n<p>Obtenue par distillation \u00e0 la vapeur, elle respecte l\u2019int\u00e9grit\u00e9 du contour de l\u2019\u0153il et apporte instantan\u00e9ment fraicheur et d\u00e9tente. Le th\u00e9 matcha poss\u00e8de une forte teneur en L-Th\u00e9anine, anti-stress tr\u00e8s connu.<\/p>\n<h2>R\u00e9sultats visibles<\/h2>\n<ul>\n<li>Respecte les extensions : 100 %<\/li>\n<li>Les extensions restent intactes : 100 %<\/li>\n<li>Les cils sont toujours aussi beaux : 100 %<\/li>\n<li>\u00c9limine toutes traces de maquillage : 100 %<\/li>\n<\/ul>\n<p><img fetchpriority=\"high\" decoding=\"async\" src=\"https:\/\/matis.ca\/wp-content\/uploads\/2021\/07\/extension-cil-300x300.jpg\" sizes=\"(max-width: 300px) 100vw, 300px\" srcset=\"https:\/\/matis.ca\/wp-content\/uploads\/2021\/07\/extension-cil-300x300.jpg 300w, https:\/\/matis.ca\/wp-content\/uploads\/2021\/07\/extension-cil-150x150.jpg 150w, https:\/\/matis.ca\/wp-content\/uploads\/2021\/07\/extension-cil-288x288.jpg 288w, https:\/\/matis.ca\/wp-content\/uploads\/2021\/07\/extension-cil-245x245.jpg 245w, https:\/\/matis.ca\/wp-content\/uploads\/2021\/07\/extension-cil-260x260.jpg 260w, https:\/\/matis.ca\/wp-content\/uploads\/2021\/07\/extension-cil-232x232.jpg 232w, https:\/\/matis.ca\/wp-content\/uploads\/2021\/07\/extension-cil-204x204.jpg 204w, https:\/\/matis.ca\/wp-content\/uploads\/2021\/07\/extension-cil-265x265.jpg 265w, https:\/\/matis.ca\/wp-content\/uploads\/2021\/07\/extension-cil-255x255.jpg 255w, https:\/\/matis.ca\/wp-content\/uploads\/2021\/07\/extension-cil-324x324.jpg 324w, https:\/\/matis.ca\/wp-content\/uploads\/2021\/07\/extension-cil-416x414.jpg 416w, https:\/\/matis.ca\/wp-content\/uploads\/2021\/07\/extension-cil-100x100.jpg 100w, https:\/\/matis.ca\/wp-content\/uploads\/2021\/07\/extension-cil.jpg 432w\" alt=\"\" width=\"300\" height=\"300\" \/><\/p>\n<p><em>R\u00e9sultats d\u2019auto-\u00e9valuation sur 22 volontaires porteuses d\u2019extensions de cils exprim\u00e9s en % de satisfaction apr\u00e8s une application par jour pendant 28 jours.<\/em><\/p>\n","protected":false},"excerpt":{"rendered":"<p>This micellar makeup removal toner suited for sensitive eyes, removes makeup while respecting the balance of skin flora. Perfect for women of all ages to remove makeup from their eyelash extensions.&nbsp;<\/p>\n","protected":false},"featured_media":22032,"comment_status":"closed","ping_status":"open","template":"","meta":{"inline_featured_image":false},"product_brand":[],"product_cat":[234],"product_tag":[],"reponses":[389,263],"type-de-soin":[280,374,221,360],"preoccupation":[196,282],"class_list":{"0":"post-22028","1":"product","2":"type-product","3":"status-publish","4":"has-post-thumbnail","6":"product_cat-face","7":"reponses-m2_ye","8":"reponses-reponse-regard","9":"type-de-soin-cleanser-and-lotion","10":"type-de-soin-demaquillant_lotion","11":"type-de-soin-eyes-and-lips","12":"type-de-soin-yeux_levres","13":"preoccupation-hydration","14":"preoccupation-sensitivity","16":"first","17":"instock","18":"taxable","19":"shipping-taxable","20":"purchasable","21":"product-type-simple"},"yoast_head":"<!-- This site is optimized with the Yoast SEO plugin v26.3 - https:\/\/yoast.com\/wordpress\/plugins\/seo\/ -->\n<title>Micell-Eyes - Oil-free make-up remover - Matis<\/title>\n<meta name=\"robots\" content=\"index, follow, max-snippet:-1, max-image-preview:large, max-video-preview:-1\" \/>\n<meta property=\"og:locale\" content=\"en_US\" \/>\n<meta property=\"og:type\" content=\"article\" \/>\n<meta property=\"og:title\" content=\"Micell-Eyes - Oil-free make-up remover - Matis\" \/>\n<meta property=\"og:description\" content=\"This micellar makeup removal toner suited for sensitive eyes, removes makeup while respecting the balance of skin flora. Perfect for women of all ages to remove makeup from their eyelash extensions.&nbsp;\" \/>\n<meta property=\"og:url\" content=\"https:\/\/www.matis.ca\/en\/shop\/micell-eyes-oil-free-make-up-remover\/\" \/>\n<meta property=\"og:site_name\" content=\"Matis\" \/>\n<meta property=\"article:modified_time\" content=\"2026-04-15T16:01:31+00:00\" \/>\n<meta property=\"og:image\" content=\"https:\/\/www.matis.ca\/wp-content\/uploads\/2021\/04\/A0110081.png\" \/>\n\t<meta property=\"og:image:width\" content=\"1000\" \/>\n\t<meta property=\"og:image:height\" content=\"1000\" \/>\n\t<meta property=\"og:image:type\" content=\"image\/png\" \/>\n<meta name=\"twitter:card\" content=\"summary_large_image\" \/>\n<meta name=\"twitter:label1\" content=\"Est. reading time\" \/>\n\t<meta name=\"twitter:data1\" content=\"1 minute\" \/>\n<script type=\"application\/ld+json\" class=\"yoast-schema-graph\">{\"@context\":\"https:\/\/schema.org\",\"@graph\":[{\"@type\":\"WebPage\",\"@id\":\"https:\/\/www.matis.ca\/en\/shop\/micell-eyes-oil-free-make-up-remover\/\",\"url\":\"https:\/\/www.matis.ca\/en\/shop\/micell-eyes-oil-free-make-up-remover\/\",\"name\":\"Micell-Eyes - Oil-free make-up remover - Matis\",\"isPartOf\":{\"@id\":\"https:\/\/www.matis.ca\/en\/#website\"},\"primaryImageOfPage\":{\"@id\":\"https:\/\/www.matis.ca\/en\/shop\/micell-eyes-oil-free-make-up-remover\/#primaryimage\"},\"image\":{\"@id\":\"https:\/\/www.matis.ca\/en\/shop\/micell-eyes-oil-free-make-up-remover\/#primaryimage\"},\"thumbnailUrl\":\"https:\/\/www.matis.ca\/wp-content\/uploads\/2021\/04\/A0110081.png\",\"datePublished\":\"2026-04-15T16:01:25+00:00\",\"dateModified\":\"2026-04-15T16:01:31+00:00\",\"breadcrumb\":{\"@id\":\"https:\/\/www.matis.ca\/en\/shop\/micell-eyes-oil-free-make-up-remover\/#breadcrumb\"},\"inLanguage\":\"en-CA\",\"potentialAction\":[{\"@type\":\"ReadAction\",\"target\":[\"https:\/\/www.matis.ca\/en\/shop\/micell-eyes-oil-free-make-up-remover\/\"]}]},{\"@type\":\"ImageObject\",\"inLanguage\":\"en-CA\",\"@id\":\"https:\/\/www.matis.ca\/en\/shop\/micell-eyes-oil-free-make-up-remover\/#primaryimage\",\"url\":\"https:\/\/www.matis.ca\/wp-content\/uploads\/2021\/04\/A0110081.png\",\"contentUrl\":\"https:\/\/www.matis.ca\/wp-content\/uploads\/2021\/04\/A0110081.png\",\"width\":1000,\"height\":1000,\"caption\":\"Micellar eye cleansing water\"},{\"@type\":\"BreadcrumbList\",\"@id\":\"https:\/\/www.matis.ca\/en\/shop\/micell-eyes-oil-free-make-up-remover\/#breadcrumb\",\"itemListElement\":[{\"@type\":\"ListItem\",\"position\":1,\"name\":\"Accueil\",\"item\":\"https:\/\/www.matis.ca\/en\/\"},{\"@type\":\"ListItem\",\"position\":2,\"name\":\"Products\",\"item\":\"https:\/\/www.matis.ca\/en\/shop\/\"},{\"@type\":\"ListItem\",\"position\":3,\"name\":\"Micell-Eyes &#8211; Oil-free make-up remover\"}]},{\"@type\":\"WebSite\",\"@id\":\"https:\/\/www.matis.ca\/en\/#website\",\"url\":\"https:\/\/www.matis.ca\/en\/\",\"name\":\"Matis\",\"description\":\"Une marque professionnelle pour des soins et produits d\u2019expertise\",\"potentialAction\":[{\"@type\":\"SearchAction\",\"target\":{\"@type\":\"EntryPoint\",\"urlTemplate\":\"https:\/\/www.matis.ca\/en\/?s={search_term_string}\"},\"query-input\":{\"@type\":\"PropertyValueSpecification\",\"valueRequired\":true,\"valueName\":\"search_term_string\"}}],\"inLanguage\":\"en-CA\"}]}<\/script>\n<!-- \/ Yoast SEO plugin. -->","yoast_head_json":{"title":"Micell-Eyes - Oil-free make-up remover - Matis","robots":{"index":"index","follow":"follow","max-snippet":"max-snippet:-1","max-image-preview":"max-image-preview:large","max-video-preview":"max-video-preview:-1"},"og_locale":"en_US","og_type":"article","og_title":"Micell-Eyes - Oil-free make-up remover - Matis","og_description":"This micellar makeup removal toner suited for sensitive eyes, removes makeup while respecting the balance of skin flora. Perfect for women of all ages to remove makeup from their eyelash extensions.&nbsp;","og_url":"https:\/\/www.matis.ca\/en\/shop\/micell-eyes-oil-free-make-up-remover\/","og_site_name":"Matis","article_modified_time":"2026-04-15T16:01:31+00:00","og_image":[{"width":1000,"height":1000,"url":"https:\/\/www.matis.ca\/wp-content\/uploads\/2021\/04\/A0110081.png","type":"image\/png"}],"twitter_card":"summary_large_image","twitter_misc":{"Est. reading time":"1 minute"},"schema":{"@context":"https:\/\/schema.org","@graph":[{"@type":"WebPage","@id":"https:\/\/www.matis.ca\/en\/shop\/micell-eyes-oil-free-make-up-remover\/","url":"https:\/\/www.matis.ca\/en\/shop\/micell-eyes-oil-free-make-up-remover\/","name":"Micell-Eyes - Oil-free make-up remover - Matis","isPartOf":{"@id":"https:\/\/www.matis.ca\/en\/#website"},"primaryImageOfPage":{"@id":"https:\/\/www.matis.ca\/en\/shop\/micell-eyes-oil-free-make-up-remover\/#primaryimage"},"image":{"@id":"https:\/\/www.matis.ca\/en\/shop\/micell-eyes-oil-free-make-up-remover\/#primaryimage"},"thumbnailUrl":"https:\/\/www.matis.ca\/wp-content\/uploads\/2021\/04\/A0110081.png","datePublished":"2026-04-15T16:01:25+00:00","dateModified":"2026-04-15T16:01:31+00:00","breadcrumb":{"@id":"https:\/\/www.matis.ca\/en\/shop\/micell-eyes-oil-free-make-up-remover\/#breadcrumb"},"inLanguage":"en-CA","potentialAction":[{"@type":"ReadAction","target":["https:\/\/www.matis.ca\/en\/shop\/micell-eyes-oil-free-make-up-remover\/"]}]},{"@type":"ImageObject","inLanguage":"en-CA","@id":"https:\/\/www.matis.ca\/en\/shop\/micell-eyes-oil-free-make-up-remover\/#primaryimage","url":"https:\/\/www.matis.ca\/wp-content\/uploads\/2021\/04\/A0110081.png","contentUrl":"https:\/\/www.matis.ca\/wp-content\/uploads\/2021\/04\/A0110081.png","width":1000,"height":1000,"caption":"Micellar eye cleansing water"},{"@type":"BreadcrumbList","@id":"https:\/\/www.matis.ca\/en\/shop\/micell-eyes-oil-free-make-up-remover\/#breadcrumb","itemListElement":[{"@type":"ListItem","position":1,"name":"Accueil","item":"https:\/\/www.matis.ca\/en\/"},{"@type":"ListItem","position":2,"name":"Products","item":"https:\/\/www.matis.ca\/en\/shop\/"},{"@type":"ListItem","position":3,"name":"Micell-Eyes &#8211; Oil-free make-up remover"}]},{"@type":"WebSite","@id":"https:\/\/www.matis.ca\/en\/#website","url":"https:\/\/www.matis.ca\/en\/","name":"Matis","description":"Une marque professionnelle pour des soins et produits d\u2019expertise","potentialAction":[{"@type":"SearchAction","target":{"@type":"EntryPoint","urlTemplate":"https:\/\/www.matis.ca\/en\/?s={search_term_string}"},"query-input":{"@type":"PropertyValueSpecification","valueRequired":true,"valueName":"search_term_string"}}],"inLanguage":"en-CA"}]}},"_links":{"self":[{"href":"https:\/\/www.matis.ca\/en\/wp-json\/wp\/v2\/product\/22028","targetHints":{"allow":["GET"]}}],"collection":[{"href":"https:\/\/www.matis.ca\/en\/wp-json\/wp\/v2\/product"}],"about":[{"href":"https:\/\/www.matis.ca\/en\/wp-json\/wp\/v2\/types\/product"}],"replies":[{"embeddable":true,"href":"https:\/\/www.matis.ca\/en\/wp-json\/wp\/v2\/comments?post=22028"}],"version-history":[{"count":4,"href":"https:\/\/www.matis.ca\/en\/wp-json\/wp\/v2\/product\/22028\/revisions"}],"predecessor-version":[{"id":30757,"href":"https:\/\/www.matis.ca\/en\/wp-json\/wp\/v2\/product\/22028\/revisions\/30757"}],"wp:featuredmedia":[{"embeddable":true,"href":"https:\/\/www.matis.ca\/en\/wp-json\/wp\/v2\/media\/22032"}],"wp:attachment":[{"href":"https:\/\/www.matis.ca\/en\/wp-json\/wp\/v2\/media?parent=22028"}],"wp:term":[{"taxonomy":"product_brand","embeddable":true,"href":"https:\/\/www.matis.ca\/en\/wp-json\/wp\/v2\/product_brand?post=22028"},{"taxonomy":"product_cat","embeddable":true,"href":"https:\/\/www.matis.ca\/en\/wp-json\/wp\/v2\/product_cat?post=22028"},{"taxonomy":"product_tag","embeddable":true,"href":"https:\/\/www.matis.ca\/en\/wp-json\/wp\/v2\/product_tag?post=22028"},{"taxonomy":"reponses","embeddable":true,"href":"https:\/\/www.matis.ca\/en\/wp-json\/wp\/v2\/reponses?post=22028"},{"taxonomy":"type-de-soin","embeddable":true,"href":"https:\/\/www.matis.ca\/en\/wp-json\/wp\/v2\/type-de-soin?post=22028"},{"taxonomy":"preoccupation","embeddable":true,"href":"https:\/\/www.matis.ca\/en\/wp-json\/wp\/v2\/preoccupation?post=22028"}],"curies":[{"name":"wp","href":"https:\/\/api.w.org\/{rel}","templated":true}]}}