{"id":22196,"date":"2026-03-13T12:00:49","date_gmt":"2026-03-13T16:00:49","guid":{"rendered":"https:\/\/matis.ca\/boutique\/hyalu-liss-primer-perfecting-primer-blur-effect\/"},"modified":"2026-03-13T12:00:55","modified_gmt":"2026-03-13T16:00:55","slug":"hyalu-liss-primer-make-up-base","status":"publish","type":"product","link":"https:\/\/www.matis.ca\/en\/shop\/hyalu-liss-primer-make-up-base\/","title":{"rendered":"Hyalu-Liss Primer &#8211; Make-up base"},"content":{"rendered":"<p>La base \u00ab seconde peau \u00bb qui gomme les imperfections.<\/p>\n<p>\t\t\t2\t\t<\/p>\n<h2>INGR\u00c9DIENTS<br \/>\nFLOUTEURS :<\/h2>\n<p>\t\t\t1\t\t<\/p>\n<h3>TECHNOLOGIE HYALURONIQUE<\/h3>\n<p>Technologie de sph\u00e8res Matis tel un filling cosm\u00e9tique.<\/p>\n<p>\t\t\t2\t\t<\/p>\n<h3>MICROPOUDRES COMBLANTES<\/h3>\n<p>L\u2019effet flouteur am\u00e9liore instantan\u00e9ment la qualit\u00e9 de la peau, camoufle les rides et ridules. Ces micropoudres lissent la peau et procurent la sensation d\u2019un d\u00e9licat voile poudr\u00e9.<\/p>\n<h2>R\u00e9sultats<\/h2>\n<ul>\n<li>R\u00e9sultats visibles sur la peau : 92 %<\/li>\n<li>Sensation de voile poudr\u00e9 : 100 %<\/li>\n<li>Apparence des irr\u00e9gularit\u00e9s r\u00e9duite : 85 %<\/li>\n<li>Grain de peau unifi\u00e9 : 88 %<\/li>\n<\/ul>\n<p>\t\t\t\t\t\t\t\t\t\t\t\t<img decoding=\"async\" src=\"https:\/\/matis.ca\/wp-content\/uploads\/2019\/12\/egerie-small.jpg\" title=\"\" alt=\"\" \/>\t\t\t\t\t\t\t\t\t\t\t\t\t\t<\/p>\n<p><em>Auto\u00e9valuation par 26 femmes pr\u00e9sentant des imperfections au niveau du visage apr\u00e8s 4 applications.<\/em><\/p>\n","protected":false},"excerpt":{"rendered":"<p>Hyalu Liss Primer is a base that is used after the day cream to perfect the appearance of the complexion. Its special texture melts instantly into the skin. <\/p>\n<p>At the heart of the formula, a hyaluronic filling technology combined with micro-filling powders immediately reduces the appearance of wrinkles and blurs pores in a single step. Skin texture is smoothed and evened out without imperfections. <\/p>\n<p>Tested under dermatological control.<\/p>\n","protected":false},"featured_media":22181,"comment_status":"closed","ping_status":"open","template":"","meta":{"inline_featured_image":false},"product_brand":[],"product_cat":[234],"product_tag":[],"reponses":[264,366],"type-de-soin":[211,370],"preoccupation":[276,369],"class_list":{"0":"post-22196","1":"product","2":"type-product","3":"status-publish","4":"has-post-thumbnail","6":"product_cat-face","7":"reponses-reponse-teint-en","8":"reponses-reponse_teint","9":"type-de-soin-makeup-and-complexion","10":"type-de-soin-maquillage","11":"preoccupation-blemish-and-evenness","12":"preoccupation-imperfection","14":"first","15":"instock","16":"taxable","17":"shipping-taxable","18":"purchasable","19":"product-type-simple"},"yoast_head":"<!-- This site is optimized with the Yoast SEO plugin v26.3 - https:\/\/yoast.com\/wordpress\/plugins\/seo\/ -->\n<title>Hyalu-Liss Primer - Make-up base - Matis<\/title>\n<meta name=\"robots\" content=\"index, follow, max-snippet:-1, max-image-preview:large, max-video-preview:-1\" \/>\n<meta property=\"og:locale\" content=\"en_US\" \/>\n<meta property=\"og:type\" content=\"article\" \/>\n<meta property=\"og:title\" content=\"Hyalu-Liss Primer - Make-up base - Matis\" \/>\n<meta property=\"og:description\" content=\"Hyalu Liss Primer is a base that is used after the day cream to perfect the appearance of the complexion. Its special texture melts instantly into the skin. At the heart of the formula, a hyaluronic filling technology combined with micro-filling powders immediately reduces the appearance of wrinkles and blurs pores in a single step. Skin texture is smoothed and evened out without imperfections. Tested under dermatological control.\" \/>\n<meta property=\"og:url\" content=\"https:\/\/www.matis.ca\/en\/shop\/hyalu-liss-primer-make-up-base\/\" \/>\n<meta property=\"og:site_name\" content=\"Matis\" \/>\n<meta property=\"article:modified_time\" content=\"2026-03-13T16:00:55+00:00\" \/>\n<meta property=\"og:image\" content=\"https:\/\/www.matis.ca\/wp-content\/uploads\/2021\/06\/01210041.png\" \/>\n\t<meta property=\"og:image:width\" content=\"1000\" \/>\n\t<meta property=\"og:image:height\" content=\"1000\" \/>\n\t<meta property=\"og:image:type\" content=\"image\/png\" \/>\n<meta name=\"twitter:card\" content=\"summary_large_image\" \/>\n<script type=\"application\/ld+json\" class=\"yoast-schema-graph\">{\"@context\":\"https:\/\/schema.org\",\"@graph\":[{\"@type\":\"WebPage\",\"@id\":\"https:\/\/www.matis.ca\/en\/shop\/hyalu-liss-primer-make-up-base\/\",\"url\":\"https:\/\/www.matis.ca\/en\/shop\/hyalu-liss-primer-make-up-base\/\",\"name\":\"Hyalu-Liss Primer - Make-up base - Matis\",\"isPartOf\":{\"@id\":\"https:\/\/www.matis.ca\/en\/#website\"},\"primaryImageOfPage\":{\"@id\":\"https:\/\/www.matis.ca\/en\/shop\/hyalu-liss-primer-make-up-base\/#primaryimage\"},\"image\":{\"@id\":\"https:\/\/www.matis.ca\/en\/shop\/hyalu-liss-primer-make-up-base\/#primaryimage\"},\"thumbnailUrl\":\"https:\/\/www.matis.ca\/wp-content\/uploads\/2021\/06\/01210041.png\",\"datePublished\":\"2026-03-13T16:00:49+00:00\",\"dateModified\":\"2026-03-13T16:00:55+00:00\",\"breadcrumb\":{\"@id\":\"https:\/\/www.matis.ca\/en\/shop\/hyalu-liss-primer-make-up-base\/#breadcrumb\"},\"inLanguage\":\"en-CA\",\"potentialAction\":[{\"@type\":\"ReadAction\",\"target\":[\"https:\/\/www.matis.ca\/en\/shop\/hyalu-liss-primer-make-up-base\/\"]}]},{\"@type\":\"ImageObject\",\"inLanguage\":\"en-CA\",\"@id\":\"https:\/\/www.matis.ca\/en\/shop\/hyalu-liss-primer-make-up-base\/#primaryimage\",\"url\":\"https:\/\/www.matis.ca\/wp-content\/uploads\/2021\/06\/01210041.png\",\"contentUrl\":\"https:\/\/www.matis.ca\/wp-content\/uploads\/2021\/06\/01210041.png\",\"width\":1000,\"height\":1000,\"caption\":\"Perfecting face primer\"},{\"@type\":\"BreadcrumbList\",\"@id\":\"https:\/\/www.matis.ca\/en\/shop\/hyalu-liss-primer-make-up-base\/#breadcrumb\",\"itemListElement\":[{\"@type\":\"ListItem\",\"position\":1,\"name\":\"Accueil\",\"item\":\"https:\/\/www.matis.ca\/en\/\"},{\"@type\":\"ListItem\",\"position\":2,\"name\":\"Products\",\"item\":\"https:\/\/www.matis.ca\/en\/shop\/\"},{\"@type\":\"ListItem\",\"position\":3,\"name\":\"Hyalu-Liss Primer &#8211; Make-up base\"}]},{\"@type\":\"WebSite\",\"@id\":\"https:\/\/www.matis.ca\/en\/#website\",\"url\":\"https:\/\/www.matis.ca\/en\/\",\"name\":\"Matis\",\"description\":\"Une marque professionnelle pour des soins et produits d\u2019expertise\",\"potentialAction\":[{\"@type\":\"SearchAction\",\"target\":{\"@type\":\"EntryPoint\",\"urlTemplate\":\"https:\/\/www.matis.ca\/en\/?s={search_term_string}\"},\"query-input\":{\"@type\":\"PropertyValueSpecification\",\"valueRequired\":true,\"valueName\":\"search_term_string\"}}],\"inLanguage\":\"en-CA\"}]}<\/script>\n<!-- \/ Yoast SEO plugin. -->","yoast_head_json":{"title":"Hyalu-Liss Primer - Make-up base - Matis","robots":{"index":"index","follow":"follow","max-snippet":"max-snippet:-1","max-image-preview":"max-image-preview:large","max-video-preview":"max-video-preview:-1"},"og_locale":"en_US","og_type":"article","og_title":"Hyalu-Liss Primer - Make-up base - Matis","og_description":"Hyalu Liss Primer is a base that is used after the day cream to perfect the appearance of the complexion. Its special texture melts instantly into the skin. At the heart of the formula, a hyaluronic filling technology combined with micro-filling powders immediately reduces the appearance of wrinkles and blurs pores in a single step. Skin texture is smoothed and evened out without imperfections. Tested under dermatological control.","og_url":"https:\/\/www.matis.ca\/en\/shop\/hyalu-liss-primer-make-up-base\/","og_site_name":"Matis","article_modified_time":"2026-03-13T16:00:55+00:00","og_image":[{"width":1000,"height":1000,"url":"https:\/\/www.matis.ca\/wp-content\/uploads\/2021\/06\/01210041.png","type":"image\/png"}],"twitter_card":"summary_large_image","schema":{"@context":"https:\/\/schema.org","@graph":[{"@type":"WebPage","@id":"https:\/\/www.matis.ca\/en\/shop\/hyalu-liss-primer-make-up-base\/","url":"https:\/\/www.matis.ca\/en\/shop\/hyalu-liss-primer-make-up-base\/","name":"Hyalu-Liss Primer - Make-up base - Matis","isPartOf":{"@id":"https:\/\/www.matis.ca\/en\/#website"},"primaryImageOfPage":{"@id":"https:\/\/www.matis.ca\/en\/shop\/hyalu-liss-primer-make-up-base\/#primaryimage"},"image":{"@id":"https:\/\/www.matis.ca\/en\/shop\/hyalu-liss-primer-make-up-base\/#primaryimage"},"thumbnailUrl":"https:\/\/www.matis.ca\/wp-content\/uploads\/2021\/06\/01210041.png","datePublished":"2026-03-13T16:00:49+00:00","dateModified":"2026-03-13T16:00:55+00:00","breadcrumb":{"@id":"https:\/\/www.matis.ca\/en\/shop\/hyalu-liss-primer-make-up-base\/#breadcrumb"},"inLanguage":"en-CA","potentialAction":[{"@type":"ReadAction","target":["https:\/\/www.matis.ca\/en\/shop\/hyalu-liss-primer-make-up-base\/"]}]},{"@type":"ImageObject","inLanguage":"en-CA","@id":"https:\/\/www.matis.ca\/en\/shop\/hyalu-liss-primer-make-up-base\/#primaryimage","url":"https:\/\/www.matis.ca\/wp-content\/uploads\/2021\/06\/01210041.png","contentUrl":"https:\/\/www.matis.ca\/wp-content\/uploads\/2021\/06\/01210041.png","width":1000,"height":1000,"caption":"Perfecting face primer"},{"@type":"BreadcrumbList","@id":"https:\/\/www.matis.ca\/en\/shop\/hyalu-liss-primer-make-up-base\/#breadcrumb","itemListElement":[{"@type":"ListItem","position":1,"name":"Accueil","item":"https:\/\/www.matis.ca\/en\/"},{"@type":"ListItem","position":2,"name":"Products","item":"https:\/\/www.matis.ca\/en\/shop\/"},{"@type":"ListItem","position":3,"name":"Hyalu-Liss Primer &#8211; Make-up base"}]},{"@type":"WebSite","@id":"https:\/\/www.matis.ca\/en\/#website","url":"https:\/\/www.matis.ca\/en\/","name":"Matis","description":"Une marque professionnelle pour des soins et produits d\u2019expertise","potentialAction":[{"@type":"SearchAction","target":{"@type":"EntryPoint","urlTemplate":"https:\/\/www.matis.ca\/en\/?s={search_term_string}"},"query-input":{"@type":"PropertyValueSpecification","valueRequired":true,"valueName":"search_term_string"}}],"inLanguage":"en-CA"}]}},"_links":{"self":[{"href":"https:\/\/www.matis.ca\/en\/wp-json\/wp\/v2\/product\/22196","targetHints":{"allow":["GET"]}}],"collection":[{"href":"https:\/\/www.matis.ca\/en\/wp-json\/wp\/v2\/product"}],"about":[{"href":"https:\/\/www.matis.ca\/en\/wp-json\/wp\/v2\/types\/product"}],"replies":[{"embeddable":true,"href":"https:\/\/www.matis.ca\/en\/wp-json\/wp\/v2\/comments?post=22196"}],"version-history":[{"count":4,"href":"https:\/\/www.matis.ca\/en\/wp-json\/wp\/v2\/product\/22196\/revisions"}],"predecessor-version":[{"id":30894,"href":"https:\/\/www.matis.ca\/en\/wp-json\/wp\/v2\/product\/22196\/revisions\/30894"}],"wp:featuredmedia":[{"embeddable":true,"href":"https:\/\/www.matis.ca\/en\/wp-json\/wp\/v2\/media\/22181"}],"wp:attachment":[{"href":"https:\/\/www.matis.ca\/en\/wp-json\/wp\/v2\/media?parent=22196"}],"wp:term":[{"taxonomy":"product_brand","embeddable":true,"href":"https:\/\/www.matis.ca\/en\/wp-json\/wp\/v2\/product_brand?post=22196"},{"taxonomy":"product_cat","embeddable":true,"href":"https:\/\/www.matis.ca\/en\/wp-json\/wp\/v2\/product_cat?post=22196"},{"taxonomy":"product_tag","embeddable":true,"href":"https:\/\/www.matis.ca\/en\/wp-json\/wp\/v2\/product_tag?post=22196"},{"taxonomy":"reponses","embeddable":true,"href":"https:\/\/www.matis.ca\/en\/wp-json\/wp\/v2\/reponses?post=22196"},{"taxonomy":"type-de-soin","embeddable":true,"href":"https:\/\/www.matis.ca\/en\/wp-json\/wp\/v2\/type-de-soin?post=22196"},{"taxonomy":"preoccupation","embeddable":true,"href":"https:\/\/www.matis.ca\/en\/wp-json\/wp\/v2\/preoccupation?post=22196"}],"curies":[{"name":"wp","href":"https:\/\/api.w.org\/{rel}","templated":true}]}}